{"id":961,"date":"1944-01-01T14:24:03","date_gmt":"1944-01-01T12:24:03","guid":{"rendered":"https:\/\/botiga.bnc.cat\/?post_type=product&#038;p=961"},"modified":"2025-05-15T13:26:46","modified_gmt":"2025-05-15T11:26:46","slug":"catalogo-de-la-exposicion-de-iconografia-cervantina-celebrada-en-mayo-de-1942-precedido-de-un-estudio-acerca-de-los-retratos-de-cervantes-por-juan-givanel-y-mas-y-un-apendice-sobre-las-medallas-cer","status":"publish","type":"product","link":"https:\/\/botiga.bnc.cat\/?product=catalogo-de-la-exposicion-de-iconografia-cervantina-celebrada-en-mayo-de-1942-precedido-de-un-estudio-acerca-de-los-retratos-de-cervantes-por-juan-givanel-y-mas-y-un-apendice-sobre-las-medallas-cer","title":{"rendered":"Cat\u00e1logo de la Exposici\u00f3n de Iconograf\u00eda Cervantina celebrada en mayo de 1942. Precedido de un estudio acerca de Los Retratos de Cervantes, por Juan Givanel y Mas, y un ap\u00e9ndice sobre Las Medallas Cervantinas, por Felipe Mateu y Llopis"},"content":{"rendered":"","protected":false},"excerpt":{"rendered":"<p><span class=\"verdana_10_naranja_negrita\">Juan Cort\u00e9s<\/span><br \/>\n<span class=\"verdana_10_nopadding\">1944<br \/>\n143 p., 46 p.de l\u00e0m., 16,5 x 24 cm<\/span><\/p>\n<p>Cat\u00e0legs d&#8217;Exposicions<\/p>\n","protected":false},"featured_media":967,"comment_status":"closed","ping_status":"closed","template":"","meta":[],"product_brand":[],"product_cat":[25],"product_tag":[58],"class_list":{"0":"post-961","1":"product","2":"type-product","3":"status-publish","4":"has-post-thumbnail","6":"product_cat-catalegs-dexposicions","7":"product_tag-publicacio-digital-gratuita","9":"first","10":"instock","11":"downloadable","12":"virtual","13":"taxable","14":"product-type-simple"},"_links":{"self":[{"href":"https:\/\/botiga.bnc.cat\/index.php?rest_route=\/wp\/v2\/product\/961","targetHints":{"allow":["GET"]}}],"collection":[{"href":"https:\/\/botiga.bnc.cat\/index.php?rest_route=\/wp\/v2\/product"}],"about":[{"href":"https:\/\/botiga.bnc.cat\/index.php?rest_route=\/wp\/v2\/types\/product"}],"replies":[{"embeddable":true,"href":"https:\/\/botiga.bnc.cat\/index.php?rest_route=%2Fwp%2Fv2%2Fcomments&post=961"}],"wp:featuredmedia":[{"embeddable":true,"href":"https:\/\/botiga.bnc.cat\/index.php?rest_route=\/wp\/v2\/media\/967"}],"wp:attachment":[{"href":"https:\/\/botiga.bnc.cat\/index.php?rest_route=%2Fwp%2Fv2%2Fmedia&parent=961"}],"wp:term":[{"taxonomy":"product_brand","embeddable":true,"href":"https:\/\/botiga.bnc.cat\/index.php?rest_route=%2Fwp%2Fv2%2Fproduct_brand&post=961"},{"taxonomy":"product_cat","embeddable":true,"href":"https:\/\/botiga.bnc.cat\/index.php?rest_route=%2Fwp%2Fv2%2Fproduct_cat&post=961"},{"taxonomy":"product_tag","embeddable":true,"href":"https:\/\/botiga.bnc.cat\/index.php?rest_route=%2Fwp%2Fv2%2Fproduct_tag&post=961"}],"curies":[{"name":"wp","href":"https:\/\/api.w.org\/{rel}","templated":true}]}}