{"id":960,"date":"2019-01-01T14:11:07","date_gmt":"2019-01-01T12:11:07","guid":{"rendered":"https:\/\/botiga.bnc.cat\/?post_type=product&#038;p=960"},"modified":"2025-05-15T09:11:37","modified_gmt":"2025-05-15T07:11:37","slug":"emili-salut-i-paya-un-music-al-gulag-memories-demili-salut-i-paya","status":"publish","type":"product","link":"https:\/\/botiga.bnc.cat\/?product=emili-salut-i-paya-un-music-al-gulag-memories-demili-salut-i-paya","title":{"rendered":"Emili Salut i Pay\u00e0, un m\u00fasic al gulag. Mem\u00f2ries d&#8217;Emili Salut i Pay\u00e0"},"content":{"rendered":"","protected":false},"excerpt":{"rendered":"<p><span class=\"verdana_10_naranja_negrita\">A cura de Rosa Montalt<\/span><br \/>\n<span class=\"verdana_10_nopadding\">2018<br \/>\n95 p., 14 x 22 cm<br \/>\nISBN:978-84-393-9807-3<\/span><\/p>\n<p>Col\u00b7lecci\u00f3 M\u00ednima<\/p>\n","protected":false},"featured_media":957,"comment_status":"closed","ping_status":"closed","template":"","meta":[],"product_brand":[],"product_cat":[26],"product_tag":[],"class_list":{"0":"post-960","1":"product","2":"type-product","3":"status-publish","4":"has-post-thumbnail","6":"product_cat-colleccio-minima","8":"first","9":"instock","10":"taxable","11":"shipping-taxable","12":"purchasable","13":"product-type-simple"},"_links":{"self":[{"href":"https:\/\/botiga.bnc.cat\/index.php?rest_route=\/wp\/v2\/product\/960","targetHints":{"allow":["GET"]}}],"collection":[{"href":"https:\/\/botiga.bnc.cat\/index.php?rest_route=\/wp\/v2\/product"}],"about":[{"href":"https:\/\/botiga.bnc.cat\/index.php?rest_route=\/wp\/v2\/types\/product"}],"replies":[{"embeddable":true,"href":"https:\/\/botiga.bnc.cat\/index.php?rest_route=%2Fwp%2Fv2%2Fcomments&post=960"}],"wp:featuredmedia":[{"embeddable":true,"href":"https:\/\/botiga.bnc.cat\/index.php?rest_route=\/wp\/v2\/media\/957"}],"wp:attachment":[{"href":"https:\/\/botiga.bnc.cat\/index.php?rest_route=%2Fwp%2Fv2%2Fmedia&parent=960"}],"wp:term":[{"taxonomy":"product_brand","embeddable":true,"href":"https:\/\/botiga.bnc.cat\/index.php?rest_route=%2Fwp%2Fv2%2Fproduct_brand&post=960"},{"taxonomy":"product_cat","embeddable":true,"href":"https:\/\/botiga.bnc.cat\/index.php?rest_route=%2Fwp%2Fv2%2Fproduct_cat&post=960"},{"taxonomy":"product_tag","embeddable":true,"href":"https:\/\/botiga.bnc.cat\/index.php?rest_route=%2Fwp%2Fv2%2Fproduct_tag&post=960"}],"curies":[{"name":"wp","href":"https:\/\/api.w.org\/{rel}","templated":true}]}}