{"id":920,"date":"1964-01-01T09:09:23","date_gmt":"1964-01-01T07:09:23","guid":{"rendered":"https:\/\/botiga.bnc.cat\/?post_type=product&#038;p=920"},"modified":"2025-05-15T13:20:33","modified_gmt":"2025-05-15T11:20:33","slug":"la-musica-de-las-cantigas-de-santa-maria-del-rey-alfonso-el-sabio-volumen-i-facsimil-del-codice-j-b-2-de-el-escorial","status":"publish","type":"product","link":"https:\/\/botiga.bnc.cat\/?product=la-musica-de-las-cantigas-de-santa-maria-del-rey-alfonso-el-sabio-volumen-i-facsimil-del-codice-j-b-2-de-el-escorial","title":{"rendered":"La m\u00fasica de las Cantigas de Santa Mar\u00eda del Rey Alfonso el Sabio. Volumen I: Facs\u00edmil del C\u00f3dice j.b.2. de El Escorial"},"content":{"rendered":"","protected":false},"excerpt":{"rendered":"<p>1964<br \/>\n12, 361 p., 24,5 x 32,5 cm. XVI,<\/p>\n<p>Secci\u00f3 de M\u00fasica<\/p>\n","protected":false},"featured_media":921,"comment_status":"closed","ping_status":"closed","template":"","meta":[],"product_brand":[],"product_cat":[31],"product_tag":[58],"class_list":{"0":"post-920","1":"product","2":"type-product","3":"status-publish","4":"has-post-thumbnail","6":"product_cat-seccio-de-musica","7":"product_tag-publicacio-digital-gratuita","9":"first","10":"instock","11":"downloadable","12":"virtual","13":"taxable","14":"product-type-simple"},"_links":{"self":[{"href":"https:\/\/botiga.bnc.cat\/index.php?rest_route=\/wp\/v2\/product\/920","targetHints":{"allow":["GET"]}}],"collection":[{"href":"https:\/\/botiga.bnc.cat\/index.php?rest_route=\/wp\/v2\/product"}],"about":[{"href":"https:\/\/botiga.bnc.cat\/index.php?rest_route=\/wp\/v2\/types\/product"}],"replies":[{"embeddable":true,"href":"https:\/\/botiga.bnc.cat\/index.php?rest_route=%2Fwp%2Fv2%2Fcomments&post=920"}],"wp:featuredmedia":[{"embeddable":true,"href":"https:\/\/botiga.bnc.cat\/index.php?rest_route=\/wp\/v2\/media\/921"}],"wp:attachment":[{"href":"https:\/\/botiga.bnc.cat\/index.php?rest_route=%2Fwp%2Fv2%2Fmedia&parent=920"}],"wp:term":[{"taxonomy":"product_brand","embeddable":true,"href":"https:\/\/botiga.bnc.cat\/index.php?rest_route=%2Fwp%2Fv2%2Fproduct_brand&post=920"},{"taxonomy":"product_cat","embeddable":true,"href":"https:\/\/botiga.bnc.cat\/index.php?rest_route=%2Fwp%2Fv2%2Fproduct_cat&post=920"},{"taxonomy":"product_tag","embeddable":true,"href":"https:\/\/botiga.bnc.cat\/index.php?rest_route=%2Fwp%2Fv2%2Fproduct_tag&post=920"}],"curies":[{"name":"wp","href":"https:\/\/api.w.org\/{rel}","templated":true}]}}