{"id":914,"date":"1974-01-01T12:15:31","date_gmt":"1974-01-01T10:15:31","guid":{"rendered":"https:\/\/botiga.bnc.cat\/?post_type=product&#038;p=914"},"modified":"2025-05-15T13:11:36","modified_gmt":"2025-05-15T11:11:36","slug":"catalogo-de-la-coleccion-de-folletos-bonsoms-relativos-en-su-mayor-parte-a-historia-de-cataluna-volumen-i-folletos-anteriores-a-1701","status":"publish","type":"product","link":"https:\/\/botiga.bnc.cat\/?product=catalogo-de-la-coleccion-de-folletos-bonsoms-relativos-en-su-mayor-parte-a-historia-de-cataluna-volumen-i-folletos-anteriores-a-1701","title":{"rendered":"Cat\u00e1logo de la colecci\u00f3n de folletos Bonsoms, relativos en su mayor parte a historia de Catalu\u00f1a. Volumen I. Folletos anteriores a 1701"},"content":{"rendered":"","protected":false},"excerpt":{"rendered":"<p>1974<br \/>\n454 p., 17,5 x 24,5 cm<\/p>\n<p>Secci\u00f3 de Reserva Impresa i Col\u00b7leccions Especials<\/p>\n","protected":false},"featured_media":915,"comment_status":"closed","ping_status":"closed","template":"","meta":[],"product_brand":[],"product_cat":[32],"product_tag":[58],"class_list":{"0":"post-914","1":"product","2":"type-product","3":"status-publish","4":"has-post-thumbnail","6":"product_cat-seccio-de-reserva-impresa-i-colleccions-especials","7":"product_tag-publicacio-digital-gratuita","9":"first","10":"instock","11":"downloadable","12":"virtual","13":"taxable","14":"product-type-simple"},"_links":{"self":[{"href":"https:\/\/botiga.bnc.cat\/index.php?rest_route=\/wp\/v2\/product\/914","targetHints":{"allow":["GET"]}}],"collection":[{"href":"https:\/\/botiga.bnc.cat\/index.php?rest_route=\/wp\/v2\/product"}],"about":[{"href":"https:\/\/botiga.bnc.cat\/index.php?rest_route=\/wp\/v2\/types\/product"}],"replies":[{"embeddable":true,"href":"https:\/\/botiga.bnc.cat\/index.php?rest_route=%2Fwp%2Fv2%2Fcomments&post=914"}],"wp:featuredmedia":[{"embeddable":true,"href":"https:\/\/botiga.bnc.cat\/index.php?rest_route=\/wp\/v2\/media\/915"}],"wp:attachment":[{"href":"https:\/\/botiga.bnc.cat\/index.php?rest_route=%2Fwp%2Fv2%2Fmedia&parent=914"}],"wp:term":[{"taxonomy":"product_brand","embeddable":true,"href":"https:\/\/botiga.bnc.cat\/index.php?rest_route=%2Fwp%2Fv2%2Fproduct_brand&post=914"},{"taxonomy":"product_cat","embeddable":true,"href":"https:\/\/botiga.bnc.cat\/index.php?rest_route=%2Fwp%2Fv2%2Fproduct_cat&post=914"},{"taxonomy":"product_tag","embeddable":true,"href":"https:\/\/botiga.bnc.cat\/index.php?rest_route=%2Fwp%2Fv2%2Fproduct_tag&post=914"}],"curies":[{"name":"wp","href":"https:\/\/api.w.org\/{rel}","templated":true}]}}