{"id":838,"date":"1989-01-01T13:23:35","date_gmt":"1989-01-01T11:23:35","guid":{"rendered":"https:\/\/botiga.bnc.cat\/?post_type=product&#038;p=838"},"modified":"2025-05-15T11:14:22","modified_gmt":"2025-05-15T09:14:22","slug":"la-correspondencia-de-joan-mane-i-flaquer-amb-benet-de-llanca-duc-de-solferino-1847-1862-separata-del-butlleti-de-la-biblioteca-de-catalunya-volum-x-1982-1984-1986","status":"publish","type":"product","link":"https:\/\/botiga.bnc.cat\/?product=la-correspondencia-de-joan-mane-i-flaquer-amb-benet-de-llanca-duc-de-solferino-1847-1862-separata-del-butlleti-de-la-biblioteca-de-catalunya-volum-x-1982-1984-1986","title":{"rendered":"La correspond\u00e8ncia de Joan Ma\u00f1\u00e9 i Flaquer amb Benet de Llan\u00e7a, duc de Solferino (1847-1862) [separata del Butllet\u00ed de la Biblioteca de Catalunya. Volum X (1982-1984) 1986]"},"content":{"rendered":"","protected":false},"excerpt":{"rendered":"<p><span class=\"verdana_10_naranja_negrita\">Casimir Mart\u00ed<\/span><br \/>\n<span class=\"verdana_10_nopadding\">1989<br \/>\n100 p., 19,5 x 26,5 cm<\/span><\/p>\n<p>Secci\u00f3 de Manuscrits<\/p>\n","protected":false},"featured_media":670,"comment_status":"closed","ping_status":"closed","template":"","meta":[],"product_brand":[],"product_cat":[30],"product_tag":[],"class_list":{"0":"post-838","1":"product","2":"type-product","3":"status-publish","4":"has-post-thumbnail","6":"product_cat-seccio-de-manuscrits","8":"first","9":"instock","10":"taxable","11":"shipping-taxable","12":"purchasable","13":"product-type-simple"},"_links":{"self":[{"href":"https:\/\/botiga.bnc.cat\/index.php?rest_route=\/wp\/v2\/product\/838","targetHints":{"allow":["GET"]}}],"collection":[{"href":"https:\/\/botiga.bnc.cat\/index.php?rest_route=\/wp\/v2\/product"}],"about":[{"href":"https:\/\/botiga.bnc.cat\/index.php?rest_route=\/wp\/v2\/types\/product"}],"replies":[{"embeddable":true,"href":"https:\/\/botiga.bnc.cat\/index.php?rest_route=%2Fwp%2Fv2%2Fcomments&post=838"}],"wp:featuredmedia":[{"embeddable":true,"href":"https:\/\/botiga.bnc.cat\/index.php?rest_route=\/wp\/v2\/media\/670"}],"wp:attachment":[{"href":"https:\/\/botiga.bnc.cat\/index.php?rest_route=%2Fwp%2Fv2%2Fmedia&parent=838"}],"wp:term":[{"taxonomy":"product_brand","embeddable":true,"href":"https:\/\/botiga.bnc.cat\/index.php?rest_route=%2Fwp%2Fv2%2Fproduct_brand&post=838"},{"taxonomy":"product_cat","embeddable":true,"href":"https:\/\/botiga.bnc.cat\/index.php?rest_route=%2Fwp%2Fv2%2Fproduct_cat&post=838"},{"taxonomy":"product_tag","embeddable":true,"href":"https:\/\/botiga.bnc.cat\/index.php?rest_route=%2Fwp%2Fv2%2Fproduct_tag&post=838"}],"curies":[{"name":"wp","href":"https:\/\/api.w.org\/{rel}","templated":true}]}}