{"id":836,"date":"1986-01-01T13:33:38","date_gmt":"1986-01-01T11:33:38","guid":{"rendered":"https:\/\/botiga.bnc.cat\/?post_type=product&#038;p=836"},"modified":"2025-05-15T11:50:55","modified_gmt":"2025-05-15T09:50:55","slug":"la-patria-trobes-amb-un-estudi-preliminar-de-joaquim-molas-edicio-facismil-en-paper-fil","status":"publish","type":"product","link":"https:\/\/botiga.bnc.cat\/?product=la-patria-trobes-amb-un-estudi-preliminar-de-joaquim-molas-edicio-facismil-en-paper-fil","title":{"rendered":"La P\u00e0tria. Trobes. Amb un estudi preliminar de Joaquim Molas. Edici\u00f3 fac\u00edsmil en paper fil"},"content":{"rendered":"","protected":false},"excerpt":{"rendered":"<p><span class=\"verdana_10_naranja_negrita\">Buenaventura C. Aribau<\/span><br \/>\n<span class=\"verdana_10_nopadding\">1986<br \/>\n16 p., 1 f. de l\u00e0m., 22,5 x 28,5 cm<\/span><\/p>\n<p>Secci\u00f3 de Manuscrits<\/p>\n","protected":false},"featured_media":842,"comment_status":"closed","ping_status":"closed","template":"","meta":[],"product_brand":[],"product_cat":[30],"product_tag":[],"class_list":{"0":"post-836","1":"product","2":"type-product","3":"status-publish","4":"has-post-thumbnail","6":"product_cat-seccio-de-manuscrits","8":"first","9":"instock","10":"taxable","11":"shipping-taxable","12":"purchasable","13":"product-type-simple"},"_links":{"self":[{"href":"https:\/\/botiga.bnc.cat\/index.php?rest_route=\/wp\/v2\/product\/836","targetHints":{"allow":["GET"]}}],"collection":[{"href":"https:\/\/botiga.bnc.cat\/index.php?rest_route=\/wp\/v2\/product"}],"about":[{"href":"https:\/\/botiga.bnc.cat\/index.php?rest_route=\/wp\/v2\/types\/product"}],"replies":[{"embeddable":true,"href":"https:\/\/botiga.bnc.cat\/index.php?rest_route=%2Fwp%2Fv2%2Fcomments&post=836"}],"wp:featuredmedia":[{"embeddable":true,"href":"https:\/\/botiga.bnc.cat\/index.php?rest_route=\/wp\/v2\/media\/842"}],"wp:attachment":[{"href":"https:\/\/botiga.bnc.cat\/index.php?rest_route=%2Fwp%2Fv2%2Fmedia&parent=836"}],"wp:term":[{"taxonomy":"product_brand","embeddable":true,"href":"https:\/\/botiga.bnc.cat\/index.php?rest_route=%2Fwp%2Fv2%2Fproduct_brand&post=836"},{"taxonomy":"product_cat","embeddable":true,"href":"https:\/\/botiga.bnc.cat\/index.php?rest_route=%2Fwp%2Fv2%2Fproduct_cat&post=836"},{"taxonomy":"product_tag","embeddable":true,"href":"https:\/\/botiga.bnc.cat\/index.php?rest_route=%2Fwp%2Fv2%2Fproduct_tag&post=836"}],"curies":[{"name":"wp","href":"https:\/\/api.w.org\/{rel}","templated":true}]}}