{"id":805,"date":"1986-01-01T13:56:39","date_gmt":"1986-01-01T11:56:39","guid":{"rendered":"https:\/\/botiga.bnc.cat\/?post_type=product&#038;p=805"},"modified":"2025-05-15T11:50:41","modified_gmt":"2025-05-15T09:50:41","slug":"centenari-de-marius-verdaguer-1885-1963-cataleg-de-lexposicio-homenatge","status":"publish","type":"product","link":"https:\/\/botiga.bnc.cat\/?product=centenari-de-marius-verdaguer-1885-1963-cataleg-de-lexposicio-homenatge","title":{"rendered":"Centenari de M\u00e0rius Verdaguer (1885-1963). Cat\u00e0leg de l&#8217;Exposici\u00f3-Homenatge"},"content":{"rendered":"","protected":false},"excerpt":{"rendered":"<p>1986<br \/>\n39 p., il., 16,8 x 23,5 cm<br \/>\nISBN:84-505-3030-X<\/p>\n<p>Cat\u00e0legs d&#8217;Exposicions<\/p>\n","protected":false},"featured_media":942,"comment_status":"closed","ping_status":"closed","template":"","meta":[],"product_brand":[],"product_cat":[25],"product_tag":[],"class_list":{"0":"post-805","1":"product","2":"type-product","3":"status-publish","4":"has-post-thumbnail","6":"product_cat-catalegs-dexposicions","8":"first","9":"instock","10":"taxable","11":"shipping-taxable","12":"purchasable","13":"product-type-simple"},"_links":{"self":[{"href":"https:\/\/botiga.bnc.cat\/index.php?rest_route=\/wp\/v2\/product\/805","targetHints":{"allow":["GET"]}}],"collection":[{"href":"https:\/\/botiga.bnc.cat\/index.php?rest_route=\/wp\/v2\/product"}],"about":[{"href":"https:\/\/botiga.bnc.cat\/index.php?rest_route=\/wp\/v2\/types\/product"}],"replies":[{"embeddable":true,"href":"https:\/\/botiga.bnc.cat\/index.php?rest_route=%2Fwp%2Fv2%2Fcomments&post=805"}],"wp:featuredmedia":[{"embeddable":true,"href":"https:\/\/botiga.bnc.cat\/index.php?rest_route=\/wp\/v2\/media\/942"}],"wp:attachment":[{"href":"https:\/\/botiga.bnc.cat\/index.php?rest_route=%2Fwp%2Fv2%2Fmedia&parent=805"}],"wp:term":[{"taxonomy":"product_brand","embeddable":true,"href":"https:\/\/botiga.bnc.cat\/index.php?rest_route=%2Fwp%2Fv2%2Fproduct_brand&post=805"},{"taxonomy":"product_cat","embeddable":true,"href":"https:\/\/botiga.bnc.cat\/index.php?rest_route=%2Fwp%2Fv2%2Fproduct_cat&post=805"},{"taxonomy":"product_tag","embeddable":true,"href":"https:\/\/botiga.bnc.cat\/index.php?rest_route=%2Fwp%2Fv2%2Fproduct_tag&post=805"}],"curies":[{"name":"wp","href":"https:\/\/api.w.org\/{rel}","templated":true}]}}