{"id":802,"date":"1972-01-01T11:15:42","date_gmt":"1972-01-01T09:15:42","guid":{"rendered":"https:\/\/botiga.bnc.cat\/?post_type=product&#038;p=802"},"modified":"2025-05-15T13:14:12","modified_gmt":"2025-05-15T11:14:12","slug":"catalogo-de-la-exposicion-bibliografica-oriental-galeria-de-exposiciones-de-la-biblioteca-central-barcelona-mayo-junio-de-1972","status":"publish","type":"product","link":"https:\/\/botiga.bnc.cat\/?product=catalogo-de-la-exposicion-bibliografica-oriental-galeria-de-exposiciones-de-la-biblioteca-central-barcelona-mayo-junio-de-1972","title":{"rendered":"Cat\u00e1logo de la Exposici\u00f3n Bibliogr\u00e1fica Oriental (Galer\u00eda de Exposiciones de la Biblioteca Central). Barcelona, mayo-junio de 1972"},"content":{"rendered":"","protected":false},"excerpt":{"rendered":"<p>1972<br \/>\n45 p., 16,2 x 24,2 cm<br \/>\nDL:B-14176-1973<\/p>\n<p>Cat\u00e0legs d&#8217;Exposicions<\/p>\n","protected":false},"featured_media":898,"comment_status":"closed","ping_status":"closed","template":"","meta":[],"product_brand":[],"product_cat":[25],"product_tag":[],"class_list":{"0":"post-802","1":"product","2":"type-product","3":"status-publish","4":"has-post-thumbnail","6":"product_cat-catalegs-dexposicions","8":"first","9":"instock","10":"taxable","11":"shipping-taxable","12":"purchasable","13":"product-type-simple"},"_links":{"self":[{"href":"https:\/\/botiga.bnc.cat\/index.php?rest_route=\/wp\/v2\/product\/802","targetHints":{"allow":["GET"]}}],"collection":[{"href":"https:\/\/botiga.bnc.cat\/index.php?rest_route=\/wp\/v2\/product"}],"about":[{"href":"https:\/\/botiga.bnc.cat\/index.php?rest_route=\/wp\/v2\/types\/product"}],"replies":[{"embeddable":true,"href":"https:\/\/botiga.bnc.cat\/index.php?rest_route=%2Fwp%2Fv2%2Fcomments&post=802"}],"wp:featuredmedia":[{"embeddable":true,"href":"https:\/\/botiga.bnc.cat\/index.php?rest_route=\/wp\/v2\/media\/898"}],"wp:attachment":[{"href":"https:\/\/botiga.bnc.cat\/index.php?rest_route=%2Fwp%2Fv2%2Fmedia&parent=802"}],"wp:term":[{"taxonomy":"product_brand","embeddable":true,"href":"https:\/\/botiga.bnc.cat\/index.php?rest_route=%2Fwp%2Fv2%2Fproduct_brand&post=802"},{"taxonomy":"product_cat","embeddable":true,"href":"https:\/\/botiga.bnc.cat\/index.php?rest_route=%2Fwp%2Fv2%2Fproduct_cat&post=802"},{"taxonomy":"product_tag","embeddable":true,"href":"https:\/\/botiga.bnc.cat\/index.php?rest_route=%2Fwp%2Fv2%2Fproduct_tag&post=802"}],"curies":[{"name":"wp","href":"https:\/\/api.w.org\/{rel}","templated":true}]}}