{"id":801,"date":"1948-01-01T11:36:36","date_gmt":"1948-01-01T09:36:36","guid":{"rendered":"https:\/\/botiga.bnc.cat\/?post_type=product&#038;p=801"},"modified":"2025-05-15T13:24:42","modified_gmt":"2025-05-15T11:24:42","slug":"catalogo-de-la-exposicion-bibliografica-balmesiana-organizada-con-motivo-del-i-centenario-de-la-muerte-de-jaime-balmes-1848-1948","status":"publish","type":"product","link":"https:\/\/botiga.bnc.cat\/?product=catalogo-de-la-exposicion-bibliografica-balmesiana-organizada-con-motivo-del-i-centenario-de-la-muerte-de-jaime-balmes-1848-1948","title":{"rendered":"Cat\u00e1logo de la exposici\u00f3n bibliogr\u00e1fica balmesiana, organizada con motivo del I Centenario de la muerte de Jaime Balmes (1848-1948)"},"content":{"rendered":"","protected":false},"excerpt":{"rendered":"<p>1948<br \/>\n136 p., 16,2 x 24,3 cm<\/p>\n<p>Cat\u00e0legs d&#8217;Exposicions<\/p>\n","protected":false},"featured_media":812,"comment_status":"closed","ping_status":"closed","template":"","meta":[],"product_brand":[],"product_cat":[25],"product_tag":[],"class_list":{"0":"post-801","1":"product","2":"type-product","3":"status-publish","4":"has-post-thumbnail","6":"product_cat-catalegs-dexposicions","8":"first","9":"instock","10":"taxable","11":"shipping-taxable","12":"purchasable","13":"product-type-simple"},"_links":{"self":[{"href":"https:\/\/botiga.bnc.cat\/index.php?rest_route=\/wp\/v2\/product\/801","targetHints":{"allow":["GET"]}}],"collection":[{"href":"https:\/\/botiga.bnc.cat\/index.php?rest_route=\/wp\/v2\/product"}],"about":[{"href":"https:\/\/botiga.bnc.cat\/index.php?rest_route=\/wp\/v2\/types\/product"}],"replies":[{"embeddable":true,"href":"https:\/\/botiga.bnc.cat\/index.php?rest_route=%2Fwp%2Fv2%2Fcomments&post=801"}],"wp:featuredmedia":[{"embeddable":true,"href":"https:\/\/botiga.bnc.cat\/index.php?rest_route=\/wp\/v2\/media\/812"}],"wp:attachment":[{"href":"https:\/\/botiga.bnc.cat\/index.php?rest_route=%2Fwp%2Fv2%2Fmedia&parent=801"}],"wp:term":[{"taxonomy":"product_brand","embeddable":true,"href":"https:\/\/botiga.bnc.cat\/index.php?rest_route=%2Fwp%2Fv2%2Fproduct_brand&post=801"},{"taxonomy":"product_cat","embeddable":true,"href":"https:\/\/botiga.bnc.cat\/index.php?rest_route=%2Fwp%2Fv2%2Fproduct_cat&post=801"},{"taxonomy":"product_tag","embeddable":true,"href":"https:\/\/botiga.bnc.cat\/index.php?rest_route=%2Fwp%2Fv2%2Fproduct_tag&post=801"}],"curies":[{"name":"wp","href":"https:\/\/api.w.org\/{rel}","templated":true}]}}