{"id":729,"date":"1982-01-01T09:48:56","date_gmt":"1982-01-01T07:48:56","guid":{"rendered":"https:\/\/botiga.bnc.cat\/?post_type=product&#038;p=729"},"modified":"2025-05-15T13:08:36","modified_gmt":"2025-05-15T11:08:36","slug":"noticia-de-pere-bohigas-i-balaguer-filoleg-i-biblioleg","status":"publish","type":"product","link":"https:\/\/botiga.bnc.cat\/?product=noticia-de-pere-bohigas-i-balaguer-filoleg-i-biblioleg","title":{"rendered":"Not\u00edcia de Pere Bohigas i Balaguer, fil\u00f2leg i bibli\u00f2leg"},"content":{"rendered":"","protected":false},"excerpt":{"rendered":"<p><span class=\"verdana_10_naranja_negrita\">Amadeu-J. Soberanas<\/span><br \/>\n<span class=\"verdana_10_nopadding\">1982<br \/>\n24 p., 16 x 21,5 cm<br \/>\nDL:B-42661-1982<\/span><\/p>\n","protected":false},"featured_media":730,"comment_status":"closed","ping_status":"closed","template":"","meta":[],"product_brand":[],"product_cat":[20],"product_tag":[58],"class_list":{"0":"post-729","1":"product","2":"type-product","3":"status-publish","4":"has-post-thumbnail","6":"product_cat-llibres","7":"product_tag-publicacio-digital-gratuita","9":"first","10":"instock","11":"downloadable","12":"virtual","13":"taxable","14":"product-type-simple"},"_links":{"self":[{"href":"https:\/\/botiga.bnc.cat\/index.php?rest_route=\/wp\/v2\/product\/729","targetHints":{"allow":["GET"]}}],"collection":[{"href":"https:\/\/botiga.bnc.cat\/index.php?rest_route=\/wp\/v2\/product"}],"about":[{"href":"https:\/\/botiga.bnc.cat\/index.php?rest_route=\/wp\/v2\/types\/product"}],"replies":[{"embeddable":true,"href":"https:\/\/botiga.bnc.cat\/index.php?rest_route=%2Fwp%2Fv2%2Fcomments&post=729"}],"wp:featuredmedia":[{"embeddable":true,"href":"https:\/\/botiga.bnc.cat\/index.php?rest_route=\/wp\/v2\/media\/730"}],"wp:attachment":[{"href":"https:\/\/botiga.bnc.cat\/index.php?rest_route=%2Fwp%2Fv2%2Fmedia&parent=729"}],"wp:term":[{"taxonomy":"product_brand","embeddable":true,"href":"https:\/\/botiga.bnc.cat\/index.php?rest_route=%2Fwp%2Fv2%2Fproduct_brand&post=729"},{"taxonomy":"product_cat","embeddable":true,"href":"https:\/\/botiga.bnc.cat\/index.php?rest_route=%2Fwp%2Fv2%2Fproduct_cat&post=729"},{"taxonomy":"product_tag","embeddable":true,"href":"https:\/\/botiga.bnc.cat\/index.php?rest_route=%2Fwp%2Fv2%2Fproduct_tag&post=729"}],"curies":[{"name":"wp","href":"https:\/\/api.w.org\/{rel}","templated":true}]}}