{"id":675,"date":"1919-01-01T10:56:14","date_gmt":"1919-01-01T08:56:14","guid":{"rendered":"https:\/\/botiga.bnc.cat\/?post_type=product&#038;p=675"},"modified":"2025-05-15T13:40:46","modified_gmt":"2025-05-15T11:40:46","slug":"cataleg-de-la-col-leccio-cervantica-formada-per-d-isidro-bonsoms-i-sicart-i-cedida-per-ell-a-la-biblioteca-de-catalunya-volum-ii-anys-1801-1879","status":"publish","type":"product","link":"https:\/\/botiga.bnc.cat\/?product=cataleg-de-la-col-leccio-cervantica-formada-per-d-isidro-bonsoms-i-sicart-i-cedida-per-ell-a-la-biblioteca-de-catalunya-volum-ii-anys-1801-1879","title":{"rendered":"Cat\u00e0leg de la Col.lecci\u00f3 Cerv\u00e0ntica formada per D. Isidro Bonsoms i Sicart i cedida per ell a la Biblioteca de Catalunya. Volum II, anys 1801-1879"},"content":{"rendered":"","protected":false},"excerpt":{"rendered":"<p><span class=\"verdana_10_naranja_negrita\">Juan Givanel Mas<\/span><br \/>\n<span class=\"verdana_10_nopadding\">1919<br \/>\n548 p., 20 x 27 cm<\/span><\/p>\n<p>Secci\u00f3 de Reserva Impresa i Col\u00b7leccions Especials<\/p>\n","protected":false},"featured_media":673,"comment_status":"closed","ping_status":"closed","template":"","meta":[],"product_brand":[],"product_cat":[32],"product_tag":[],"class_list":{"0":"post-675","1":"product","2":"type-product","3":"status-publish","4":"has-post-thumbnail","6":"product_cat-seccio-de-reserva-impresa-i-colleccions-especials","8":"first","9":"instock","10":"taxable","11":"shipping-taxable","12":"purchasable","13":"product-type-simple"},"_links":{"self":[{"href":"https:\/\/botiga.bnc.cat\/index.php?rest_route=\/wp\/v2\/product\/675","targetHints":{"allow":["GET"]}}],"collection":[{"href":"https:\/\/botiga.bnc.cat\/index.php?rest_route=\/wp\/v2\/product"}],"about":[{"href":"https:\/\/botiga.bnc.cat\/index.php?rest_route=\/wp\/v2\/types\/product"}],"replies":[{"embeddable":true,"href":"https:\/\/botiga.bnc.cat\/index.php?rest_route=%2Fwp%2Fv2%2Fcomments&post=675"}],"wp:featuredmedia":[{"embeddable":true,"href":"https:\/\/botiga.bnc.cat\/index.php?rest_route=\/wp\/v2\/media\/673"}],"wp:attachment":[{"href":"https:\/\/botiga.bnc.cat\/index.php?rest_route=%2Fwp%2Fv2%2Fmedia&parent=675"}],"wp:term":[{"taxonomy":"product_brand","embeddable":true,"href":"https:\/\/botiga.bnc.cat\/index.php?rest_route=%2Fwp%2Fv2%2Fproduct_brand&post=675"},{"taxonomy":"product_cat","embeddable":true,"href":"https:\/\/botiga.bnc.cat\/index.php?rest_route=%2Fwp%2Fv2%2Fproduct_cat&post=675"},{"taxonomy":"product_tag","embeddable":true,"href":"https:\/\/botiga.bnc.cat\/index.php?rest_route=%2Fwp%2Fv2%2Fproduct_tag&post=675"}],"curies":[{"name":"wp","href":"https:\/\/api.w.org\/{rel}","templated":true}]}}