{"id":6152,"date":"2025-12-30T11:34:57","date_gmt":"2025-12-30T09:34:57","guid":{"rendered":"https:\/\/botiga.bnc.cat\/?post_type=product&#038;p=6152"},"modified":"2025-12-30T12:08:37","modified_gmt":"2025-12-30T10:08:37","slug":"haide-estudis-maragallians-bitlleti-de-larxiu-joan-maragall-num-14","status":"publish","type":"product","link":"https:\/\/botiga.bnc.cat\/?product=haide-estudis-maragallians-bitlleti-de-larxiu-joan-maragall-num-14","title":{"rendered":"Haid\u00e9. Estudis maragallians. Bitllet\u00ed de l&#8217;Arxiu Joan Maragall. N\u00fam. 14"},"content":{"rendered":"","protected":false},"excerpt":{"rendered":"<p>199 p. Versi\u00f3 en PDF<\/p>\n<p>n\u00fam. 14, 2025<\/p>\n","protected":false},"featured_media":6153,"comment_status":"closed","ping_status":"closed","template":"","meta":[],"product_brand":[],"product_cat":[39],"product_tag":[58],"class_list":{"0":"post-6152","1":"product","2":"type-product","3":"status-publish","4":"has-post-thumbnail","6":"product_cat-haide","7":"product_tag-publicacio-digital-gratuita","9":"first","10":"instock","11":"downloadable","12":"virtual","13":"taxable","14":"product-type-simple"},"_links":{"self":[{"href":"https:\/\/botiga.bnc.cat\/index.php?rest_route=\/wp\/v2\/product\/6152","targetHints":{"allow":["GET"]}}],"collection":[{"href":"https:\/\/botiga.bnc.cat\/index.php?rest_route=\/wp\/v2\/product"}],"about":[{"href":"https:\/\/botiga.bnc.cat\/index.php?rest_route=\/wp\/v2\/types\/product"}],"replies":[{"embeddable":true,"href":"https:\/\/botiga.bnc.cat\/index.php?rest_route=%2Fwp%2Fv2%2Fcomments&post=6152"}],"wp:featuredmedia":[{"embeddable":true,"href":"https:\/\/botiga.bnc.cat\/index.php?rest_route=\/wp\/v2\/media\/6153"}],"wp:attachment":[{"href":"https:\/\/botiga.bnc.cat\/index.php?rest_route=%2Fwp%2Fv2%2Fmedia&parent=6152"}],"wp:term":[{"taxonomy":"product_brand","embeddable":true,"href":"https:\/\/botiga.bnc.cat\/index.php?rest_route=%2Fwp%2Fv2%2Fproduct_brand&post=6152"},{"taxonomy":"product_cat","embeddable":true,"href":"https:\/\/botiga.bnc.cat\/index.php?rest_route=%2Fwp%2Fv2%2Fproduct_cat&post=6152"},{"taxonomy":"product_tag","embeddable":true,"href":"https:\/\/botiga.bnc.cat\/index.php?rest_route=%2Fwp%2Fv2%2Fproduct_tag&post=6152"}],"curies":[{"name":"wp","href":"https:\/\/api.w.org\/{rel}","templated":true}]}}