{"id":6146,"date":"2025-12-19T13:52:17","date_gmt":"2025-12-19T11:52:17","guid":{"rendered":"https:\/\/botiga.bnc.cat\/?post_type=product&#038;p=6146"},"modified":"2025-12-19T14:10:34","modified_gmt":"2025-12-19T12:10:34","slug":"escriptura-vida-i-compromis","status":"publish","type":"product","link":"https:\/\/botiga.bnc.cat\/?product=escriptura-vida-i-compromis","title":{"rendered":"Escriptura, vida i comprom\u00eds"},"content":{"rendered":"<p>Escriptura, vida i comprom\u00eds<\/p>\n<p>Diaris 1975-2006<\/p>\n<p>Francisco Candel<\/p>\n<p>A cura de David Garc\u00eda Ponce<\/p>\n<p>2025<\/p>\n<p>471 p\u00e0gines, 24 x 17 cm<\/p>\n<p>Barcelona : Generalitat de Catalunya, Departament de Cultura : Biblioteca de Catalunya, [2025]<\/p>\n","protected":false},"excerpt":{"rendered":"<p>Escriptura, vida i comprom\u00eds Diaris 1975-2006 Francisco Candel A cura de David Garc\u00eda Ponce 2025 471 p\u00e0gines, 24 x 17 cm Barcelona : Generalitat de Catalunya, Departament de Cultura : Biblioteca de Catalunya, [2025]<\/p>\n","protected":false},"featured_media":6147,"comment_status":"closed","ping_status":"closed","template":"","meta":[],"product_brand":[],"product_cat":[20],"product_tag":[],"class_list":{"0":"post-6146","1":"product","2":"type-product","3":"status-publish","4":"has-post-thumbnail","6":"product_cat-llibres","8":"first","9":"instock","10":"taxable","11":"shipping-taxable","12":"purchasable","13":"product-type-simple"},"_links":{"self":[{"href":"https:\/\/botiga.bnc.cat\/index.php?rest_route=\/wp\/v2\/product\/6146","targetHints":{"allow":["GET"]}}],"collection":[{"href":"https:\/\/botiga.bnc.cat\/index.php?rest_route=\/wp\/v2\/product"}],"about":[{"href":"https:\/\/botiga.bnc.cat\/index.php?rest_route=\/wp\/v2\/types\/product"}],"replies":[{"embeddable":true,"href":"https:\/\/botiga.bnc.cat\/index.php?rest_route=%2Fwp%2Fv2%2Fcomments&post=6146"}],"wp:featuredmedia":[{"embeddable":true,"href":"https:\/\/botiga.bnc.cat\/index.php?rest_route=\/wp\/v2\/media\/6147"}],"wp:attachment":[{"href":"https:\/\/botiga.bnc.cat\/index.php?rest_route=%2Fwp%2Fv2%2Fmedia&parent=6146"}],"wp:term":[{"taxonomy":"product_brand","embeddable":true,"href":"https:\/\/botiga.bnc.cat\/index.php?rest_route=%2Fwp%2Fv2%2Fproduct_brand&post=6146"},{"taxonomy":"product_cat","embeddable":true,"href":"https:\/\/botiga.bnc.cat\/index.php?rest_route=%2Fwp%2Fv2%2Fproduct_cat&post=6146"},{"taxonomy":"product_tag","embeddable":true,"href":"https:\/\/botiga.bnc.cat\/index.php?rest_route=%2Fwp%2Fv2%2Fproduct_tag&post=6146"}],"curies":[{"name":"wp","href":"https:\/\/api.w.org\/{rel}","templated":true}]}}