{"id":6115,"date":"2025-07-18T13:38:40","date_gmt":"2025-07-18T11:38:40","guid":{"rendered":"https:\/\/botiga.bnc.cat\/?post_type=product&#038;p=6115"},"modified":"2025-12-19T14:10:49","modified_gmt":"2025-12-19T12:10:49","slug":"guia-catalana-de-la-perfeta-musica-1730","status":"publish","type":"product","link":"https:\/\/botiga.bnc.cat\/?product=guia-catalana-de-la-perfeta-musica-1730","title":{"rendered":"Guia catalana de la perfeta musica (1730)"},"content":{"rendered":"","protected":false},"excerpt":{"rendered":"<p>Un tractat de m\u00fasica en catal\u00e0 per Onofre Puig, mestre de capella de la parr\u00f2quia dels Sants Just i Pastor de Barcelona.<\/p>\n<p>Xavier Dauf\u00ed<\/p>\n<p>2025<\/p>\n<p>56 p\u00e0gines, 22 x 13,6 cm<\/p>\n<p>Barcelona : Generalitat de Catalunya, Departament de Cultura : Biblioteca de Catalunya, [2025]<\/p>\n","protected":false},"featured_media":6116,"comment_status":"closed","ping_status":"closed","template":"","meta":[],"product_brand":[],"product_cat":[26],"product_tag":[],"class_list":{"0":"post-6115","1":"product","2":"type-product","3":"status-publish","4":"has-post-thumbnail","6":"product_cat-colleccio-minima","8":"first","9":"instock","10":"taxable","11":"shipping-taxable","12":"purchasable","13":"product-type-simple"},"_links":{"self":[{"href":"https:\/\/botiga.bnc.cat\/index.php?rest_route=\/wp\/v2\/product\/6115","targetHints":{"allow":["GET"]}}],"collection":[{"href":"https:\/\/botiga.bnc.cat\/index.php?rest_route=\/wp\/v2\/product"}],"about":[{"href":"https:\/\/botiga.bnc.cat\/index.php?rest_route=\/wp\/v2\/types\/product"}],"replies":[{"embeddable":true,"href":"https:\/\/botiga.bnc.cat\/index.php?rest_route=%2Fwp%2Fv2%2Fcomments&post=6115"}],"wp:featuredmedia":[{"embeddable":true,"href":"https:\/\/botiga.bnc.cat\/index.php?rest_route=\/wp\/v2\/media\/6116"}],"wp:attachment":[{"href":"https:\/\/botiga.bnc.cat\/index.php?rest_route=%2Fwp%2Fv2%2Fmedia&parent=6115"}],"wp:term":[{"taxonomy":"product_brand","embeddable":true,"href":"https:\/\/botiga.bnc.cat\/index.php?rest_route=%2Fwp%2Fv2%2Fproduct_brand&post=6115"},{"taxonomy":"product_cat","embeddable":true,"href":"https:\/\/botiga.bnc.cat\/index.php?rest_route=%2Fwp%2Fv2%2Fproduct_cat&post=6115"},{"taxonomy":"product_tag","embeddable":true,"href":"https:\/\/botiga.bnc.cat\/index.php?rest_route=%2Fwp%2Fv2%2Fproduct_tag&post=6115"}],"curies":[{"name":"wp","href":"https:\/\/api.w.org\/{rel}","templated":true}]}}