{"id":6066,"date":"2025-02-04T12:41:08","date_gmt":"2025-02-04T10:41:08","guid":{"rendered":"https:\/\/botiga.bnc.cat\/?post_type=product&#038;p=6066"},"modified":"2025-05-15T09:02:55","modified_gmt":"2025-05-15T07:02:55","slug":"pere-vila-ca-1460-1538-i-pere-alberch-1517-1582","status":"publish","type":"product","link":"https:\/\/botiga.bnc.cat\/?product=pere-vila-ca-1460-1538-i-pere-alberch-1517-1582","title":{"rendered":"Pere Vila (ca. 1460-1538) i Pere Alberch (1517-1582)"},"content":{"rendered":"","protected":false},"excerpt":{"rendered":"<p>Organistes de les seus de Vic, Val\u00e8ncia i Barcelona. M\u00fasica eclesi\u00e0stica, Ensalades i Madrigals.<\/p>\n<p>Josep Maria Gregori i Cifr\u00e9<\/p>\n<p>2024<\/p>\n<p>361 p., 23 x 31<\/p>\n<p>&nbsp;<\/p>\n","protected":false},"featured_media":6067,"comment_status":"closed","ping_status":"closed","template":"","meta":[],"product_brand":[],"product_cat":[57,31],"product_tag":[],"class_list":{"0":"post-6066","1":"product","2":"type-product","3":"status-publish","4":"has-post-thumbnail","6":"product_cat-colleccions","7":"product_cat-seccio-de-musica","9":"first","10":"instock","11":"taxable","12":"shipping-taxable","13":"purchasable","14":"product-type-simple"},"_links":{"self":[{"href":"https:\/\/botiga.bnc.cat\/index.php?rest_route=\/wp\/v2\/product\/6066","targetHints":{"allow":["GET"]}}],"collection":[{"href":"https:\/\/botiga.bnc.cat\/index.php?rest_route=\/wp\/v2\/product"}],"about":[{"href":"https:\/\/botiga.bnc.cat\/index.php?rest_route=\/wp\/v2\/types\/product"}],"replies":[{"embeddable":true,"href":"https:\/\/botiga.bnc.cat\/index.php?rest_route=%2Fwp%2Fv2%2Fcomments&post=6066"}],"wp:featuredmedia":[{"embeddable":true,"href":"https:\/\/botiga.bnc.cat\/index.php?rest_route=\/wp\/v2\/media\/6067"}],"wp:attachment":[{"href":"https:\/\/botiga.bnc.cat\/index.php?rest_route=%2Fwp%2Fv2%2Fmedia&parent=6066"}],"wp:term":[{"taxonomy":"product_brand","embeddable":true,"href":"https:\/\/botiga.bnc.cat\/index.php?rest_route=%2Fwp%2Fv2%2Fproduct_brand&post=6066"},{"taxonomy":"product_cat","embeddable":true,"href":"https:\/\/botiga.bnc.cat\/index.php?rest_route=%2Fwp%2Fv2%2Fproduct_cat&post=6066"},{"taxonomy":"product_tag","embeddable":true,"href":"https:\/\/botiga.bnc.cat\/index.php?rest_route=%2Fwp%2Fv2%2Fproduct_tag&post=6066"}],"curies":[{"name":"wp","href":"https:\/\/api.w.org\/{rel}","templated":true}]}}