{"id":5967,"date":"2023-01-01T16:25:26","date_gmt":"2023-01-01T14:25:26","guid":{"rendered":"https:\/\/botiga.bnc.cat\/?post_type=product&#038;p=5967"},"modified":"2025-05-15T09:05:38","modified_gmt":"2025-05-15T07:05:38","slug":"historia-de-la-pedagogia-musical-a-catalunya","status":"publish","type":"product","link":"https:\/\/botiga.bnc.cat\/?product=historia-de-la-pedagogia-musical-a-catalunya","title":{"rendered":"Hist\u00f2ria de la Pedagogia Musical a Catalunya"},"content":{"rendered":"","protected":false},"excerpt":{"rendered":"<p>Arnaus, \u00c0ngels; Calmell, C\u00e8sar; Capdevila, Reina; Riera, Santi. (coord)<\/p>\n<p>2022<\/p>\n<p>804 p., 17 x 23,3 cm<\/p>\n","protected":false},"featured_media":5968,"comment_status":"closed","ping_status":"closed","template":"","meta":[],"product_brand":[],"product_cat":[20],"product_tag":[58],"class_list":{"0":"post-5967","1":"product","2":"type-product","3":"status-publish","4":"has-post-thumbnail","6":"product_cat-llibres","7":"product_tag-publicacio-digital-gratuita","9":"first","10":"instock","11":"downloadable","12":"virtual","13":"product-type-simple"},"_links":{"self":[{"href":"https:\/\/botiga.bnc.cat\/index.php?rest_route=\/wp\/v2\/product\/5967","targetHints":{"allow":["GET"]}}],"collection":[{"href":"https:\/\/botiga.bnc.cat\/index.php?rest_route=\/wp\/v2\/product"}],"about":[{"href":"https:\/\/botiga.bnc.cat\/index.php?rest_route=\/wp\/v2\/types\/product"}],"replies":[{"embeddable":true,"href":"https:\/\/botiga.bnc.cat\/index.php?rest_route=%2Fwp%2Fv2%2Fcomments&post=5967"}],"wp:featuredmedia":[{"embeddable":true,"href":"https:\/\/botiga.bnc.cat\/index.php?rest_route=\/wp\/v2\/media\/5968"}],"wp:attachment":[{"href":"https:\/\/botiga.bnc.cat\/index.php?rest_route=%2Fwp%2Fv2%2Fmedia&parent=5967"}],"wp:term":[{"taxonomy":"product_brand","embeddable":true,"href":"https:\/\/botiga.bnc.cat\/index.php?rest_route=%2Fwp%2Fv2%2Fproduct_brand&post=5967"},{"taxonomy":"product_cat","embeddable":true,"href":"https:\/\/botiga.bnc.cat\/index.php?rest_route=%2Fwp%2Fv2%2Fproduct_cat&post=5967"},{"taxonomy":"product_tag","embeddable":true,"href":"https:\/\/botiga.bnc.cat\/index.php?rest_route=%2Fwp%2Fv2%2Fproduct_tag&post=5967"}],"curies":[{"name":"wp","href":"https:\/\/api.w.org\/{rel}","templated":true}]}}