{"id":5861,"date":"2021-05-11T08:18:35","date_gmt":"2021-05-11T06:18:35","guid":{"rendered":"https:\/\/botiga.bnc.cat\/?post_type=product&#038;p=5861"},"modified":"2025-05-15T09:06:22","modified_gmt":"2025-05-15T07:06:22","slug":"guillen-magia-a-lespai-escenic","status":"publish","type":"product","link":"https:\/\/botiga.bnc.cat\/?product=guillen-magia-a-lespai-escenic","title":{"rendered":"Guill\u00e9n. M\u00e0gia a l&#8217;espai esc\u00e8nic"},"content":{"rendered":"","protected":false},"excerpt":{"rendered":"<p>Edici\u00f3 a cura de: Pilar Parcerisas<\/p>\n<p>2021<\/p>\n<p>147 p., 24 x 20 cm<\/p>\n<p>ISBN: 978-84-18601-41-5<\/p>\n","protected":false},"featured_media":5862,"comment_status":"closed","ping_status":"closed","template":"","meta":[],"product_brand":[],"product_cat":[57,34],"product_tag":[],"class_list":{"0":"post-5861","1":"product","2":"type-product","3":"status-publish","4":"has-post-thumbnail","6":"product_cat-colleccions","7":"product_cat-unitat-grafica","9":"first","10":"instock","11":"taxable","12":"shipping-taxable","13":"purchasable","14":"product-type-simple"},"_links":{"self":[{"href":"https:\/\/botiga.bnc.cat\/index.php?rest_route=\/wp\/v2\/product\/5861","targetHints":{"allow":["GET"]}}],"collection":[{"href":"https:\/\/botiga.bnc.cat\/index.php?rest_route=\/wp\/v2\/product"}],"about":[{"href":"https:\/\/botiga.bnc.cat\/index.php?rest_route=\/wp\/v2\/types\/product"}],"replies":[{"embeddable":true,"href":"https:\/\/botiga.bnc.cat\/index.php?rest_route=%2Fwp%2Fv2%2Fcomments&post=5861"}],"wp:featuredmedia":[{"embeddable":true,"href":"https:\/\/botiga.bnc.cat\/index.php?rest_route=\/wp\/v2\/media\/5862"}],"wp:attachment":[{"href":"https:\/\/botiga.bnc.cat\/index.php?rest_route=%2Fwp%2Fv2%2Fmedia&parent=5861"}],"wp:term":[{"taxonomy":"product_brand","embeddable":true,"href":"https:\/\/botiga.bnc.cat\/index.php?rest_route=%2Fwp%2Fv2%2Fproduct_brand&post=5861"},{"taxonomy":"product_cat","embeddable":true,"href":"https:\/\/botiga.bnc.cat\/index.php?rest_route=%2Fwp%2Fv2%2Fproduct_cat&post=5861"},{"taxonomy":"product_tag","embeddable":true,"href":"https:\/\/botiga.bnc.cat\/index.php?rest_route=%2Fwp%2Fv2%2Fproduct_tag&post=5861"}],"curies":[{"name":"wp","href":"https:\/\/api.w.org\/{rel}","templated":true}]}}