{"id":5802,"date":"2020-06-09T09:12:32","date_gmt":"2020-06-09T07:12:32","guid":{"rendered":"https:\/\/botiga.bnc.cat\/?post_type=product&#038;p=5802"},"modified":"2025-05-15T09:08:38","modified_gmt":"2025-05-15T07:08:38","slug":"robert-gerhard-i-arnold-schonberg-correspondencia","status":"publish","type":"product","link":"https:\/\/botiga.bnc.cat\/?product=robert-gerhard-i-arnold-schonberg-correspondencia","title":{"rendered":"Robert Gerhard i Arnold Sch\u00f6nberg. Correspond\u00e8ncia"},"content":{"rendered":"","protected":false},"excerpt":{"rendered":"<p>Edici\u00f3 cr\u00edtica de Paloma Ortiz-de-Urbina<\/p>\n<p>2020<\/p>\n<p>209 p., 17 x 24 cm<\/p>\n<p>ISBN: 978-84-18199-06-6<\/p>\n<p>&nbsp;<\/p>\n","protected":false},"featured_media":5804,"comment_status":"closed","ping_status":"closed","template":"","meta":[],"product_brand":[],"product_cat":[20],"product_tag":[],"class_list":{"0":"post-5802","1":"product","2":"type-product","3":"status-publish","4":"has-post-thumbnail","6":"product_cat-llibres","8":"first","9":"instock","10":"taxable","11":"shipping-taxable","12":"purchasable","13":"product-type-simple"},"_links":{"self":[{"href":"https:\/\/botiga.bnc.cat\/index.php?rest_route=\/wp\/v2\/product\/5802","targetHints":{"allow":["GET"]}}],"collection":[{"href":"https:\/\/botiga.bnc.cat\/index.php?rest_route=\/wp\/v2\/product"}],"about":[{"href":"https:\/\/botiga.bnc.cat\/index.php?rest_route=\/wp\/v2\/types\/product"}],"replies":[{"embeddable":true,"href":"https:\/\/botiga.bnc.cat\/index.php?rest_route=%2Fwp%2Fv2%2Fcomments&post=5802"}],"wp:featuredmedia":[{"embeddable":true,"href":"https:\/\/botiga.bnc.cat\/index.php?rest_route=\/wp\/v2\/media\/5804"}],"wp:attachment":[{"href":"https:\/\/botiga.bnc.cat\/index.php?rest_route=%2Fwp%2Fv2%2Fmedia&parent=5802"}],"wp:term":[{"taxonomy":"product_brand","embeddable":true,"href":"https:\/\/botiga.bnc.cat\/index.php?rest_route=%2Fwp%2Fv2%2Fproduct_brand&post=5802"},{"taxonomy":"product_cat","embeddable":true,"href":"https:\/\/botiga.bnc.cat\/index.php?rest_route=%2Fwp%2Fv2%2Fproduct_cat&post=5802"},{"taxonomy":"product_tag","embeddable":true,"href":"https:\/\/botiga.bnc.cat\/index.php?rest_route=%2Fwp%2Fv2%2Fproduct_tag&post=5802"}],"curies":[{"name":"wp","href":"https:\/\/api.w.org\/{rel}","templated":true}]}}