{"id":567,"date":"1993-01-01T12:31:12","date_gmt":"1993-01-01T10:31:12","guid":{"rendered":"https:\/\/botiga.bnc.cat\/?post_type=product&#038;p=567"},"modified":"2025-05-15T11:03:41","modified_gmt":"2025-05-15T09:03:41","slug":"joan-miro-cartes-a-j-f-rafols-1917-1958-coedicio-de-biblioteca-de-catalunya-i-editorial-mediterrania","status":"publish","type":"product","link":"https:\/\/botiga.bnc.cat\/?product=joan-miro-cartes-a-j-f-rafols-1917-1958-coedicio-de-biblioteca-de-catalunya-i-editorial-mediterrania","title":{"rendered":"Joan Mir\u00f3. Cartes a J.F.R\u00e0fols (1917-1958). Coedici\u00f3 de Biblioteca de Catalunya i Editorial Mediterr\u00e0nia"},"content":{"rendered":"","protected":false},"excerpt":{"rendered":"<p><span class=\"verdana_10_naranja_negrita\">A cura d&#8217;Amadeu Soberanas i Francesc Fontbona<\/span><br \/>\n<span class=\"verdana_10_nopadding\">1993<br \/>\n150 p., il., 20,8 x 28,5<br \/>\nISBN:84-7845-119-6<\/span><\/p>\n<p>Secci\u00f3 de Manuscrits<\/p>\n","protected":false},"featured_media":754,"comment_status":"closed","ping_status":"closed","template":"","meta":[],"product_brand":[],"product_cat":[30],"product_tag":[],"class_list":{"0":"post-567","1":"product","2":"type-product","3":"status-publish","4":"has-post-thumbnail","6":"product_cat-seccio-de-manuscrits","8":"first","9":"instock","10":"taxable","11":"shipping-taxable","12":"purchasable","13":"product-type-simple"},"_links":{"self":[{"href":"https:\/\/botiga.bnc.cat\/index.php?rest_route=\/wp\/v2\/product\/567","targetHints":{"allow":["GET"]}}],"collection":[{"href":"https:\/\/botiga.bnc.cat\/index.php?rest_route=\/wp\/v2\/product"}],"about":[{"href":"https:\/\/botiga.bnc.cat\/index.php?rest_route=\/wp\/v2\/types\/product"}],"replies":[{"embeddable":true,"href":"https:\/\/botiga.bnc.cat\/index.php?rest_route=%2Fwp%2Fv2%2Fcomments&post=567"}],"wp:featuredmedia":[{"embeddable":true,"href":"https:\/\/botiga.bnc.cat\/index.php?rest_route=\/wp\/v2\/media\/754"}],"wp:attachment":[{"href":"https:\/\/botiga.bnc.cat\/index.php?rest_route=%2Fwp%2Fv2%2Fmedia&parent=567"}],"wp:term":[{"taxonomy":"product_brand","embeddable":true,"href":"https:\/\/botiga.bnc.cat\/index.php?rest_route=%2Fwp%2Fv2%2Fproduct_brand&post=567"},{"taxonomy":"product_cat","embeddable":true,"href":"https:\/\/botiga.bnc.cat\/index.php?rest_route=%2Fwp%2Fv2%2Fproduct_cat&post=567"},{"taxonomy":"product_tag","embeddable":true,"href":"https:\/\/botiga.bnc.cat\/index.php?rest_route=%2Fwp%2Fv2%2Fproduct_tag&post=567"}],"curies":[{"name":"wp","href":"https:\/\/api.w.org\/{rel}","templated":true}]}}