{"id":566,"date":"1921-01-01T12:52:10","date_gmt":"1921-01-01T10:52:10","guid":{"rendered":"https:\/\/botiga.bnc.cat\/?post_type=product&#038;p=566"},"modified":"2025-05-15T13:40:27","modified_gmt":"2025-05-15T11:40:27","slug":"els-madrigals-i-la-missa-de-difunts-den-brudieu","status":"publish","type":"product","link":"https:\/\/botiga.bnc.cat\/?product=els-madrigals-i-la-missa-de-difunts-den-brudieu","title":{"rendered":"Els madrigals i la missa de difunts d&#8217;en Brudieu"},"content":{"rendered":"","protected":false},"excerpt":{"rendered":"<p><span class=\"verdana_10_naranja_negrita\">Transcripci\u00f3 i notes hist\u00f2riques i cr\u00edtiques per Felip Pedrell i Higini Angl\u00e8s<\/span><br \/>\n<span class=\"verdana_10_nopadding\">1921<br \/>\np.162-244, il., 19,6 x 26,5 cm<\/span><\/p>\n<p>Secci\u00f3 de M\u00fasica<\/p>\n","protected":false},"featured_media":602,"comment_status":"closed","ping_status":"closed","template":"","meta":[],"product_brand":[],"product_cat":[31],"product_tag":[],"class_list":{"0":"post-566","1":"product","2":"type-product","3":"status-publish","4":"has-post-thumbnail","6":"product_cat-seccio-de-musica","8":"first","9":"instock","10":"taxable","11":"shipping-taxable","12":"purchasable","13":"product-type-simple"},"_links":{"self":[{"href":"https:\/\/botiga.bnc.cat\/index.php?rest_route=\/wp\/v2\/product\/566","targetHints":{"allow":["GET"]}}],"collection":[{"href":"https:\/\/botiga.bnc.cat\/index.php?rest_route=\/wp\/v2\/product"}],"about":[{"href":"https:\/\/botiga.bnc.cat\/index.php?rest_route=\/wp\/v2\/types\/product"}],"replies":[{"embeddable":true,"href":"https:\/\/botiga.bnc.cat\/index.php?rest_route=%2Fwp%2Fv2%2Fcomments&post=566"}],"wp:featuredmedia":[{"embeddable":true,"href":"https:\/\/botiga.bnc.cat\/index.php?rest_route=\/wp\/v2\/media\/602"}],"wp:attachment":[{"href":"https:\/\/botiga.bnc.cat\/index.php?rest_route=%2Fwp%2Fv2%2Fmedia&parent=566"}],"wp:term":[{"taxonomy":"product_brand","embeddable":true,"href":"https:\/\/botiga.bnc.cat\/index.php?rest_route=%2Fwp%2Fv2%2Fproduct_brand&post=566"},{"taxonomy":"product_cat","embeddable":true,"href":"https:\/\/botiga.bnc.cat\/index.php?rest_route=%2Fwp%2Fv2%2Fproduct_cat&post=566"},{"taxonomy":"product_tag","embeddable":true,"href":"https:\/\/botiga.bnc.cat\/index.php?rest_route=%2Fwp%2Fv2%2Fproduct_tag&post=566"}],"curies":[{"name":"wp","href":"https:\/\/api.w.org\/{rel}","templated":true}]}}