{"id":543,"date":"2008-01-01T16:06:47","date_gmt":"2008-01-01T14:06:47","guid":{"rendered":"https:\/\/botiga.bnc.cat\/?post_type=product&#038;p=543"},"modified":"2025-05-15T09:30:34","modified_gmt":"2025-05-15T07:30:34","slug":"regles-angloamericanes-de-catalogacio-2a-edicio-revisio-de-2005","status":"publish","type":"product","link":"https:\/\/botiga.bnc.cat\/?product=regles-angloamericanes-de-catalogacio-2a-edicio-revisio-de-2005","title":{"rendered":"Regles Angloamericanes de Catalogaci\u00f3 (2a edici\u00f3. Revisi\u00f3 de 2005)"},"content":{"rendered":"","protected":false},"excerpt":{"rendered":"<p><span class=\"verdana_10_naranja_negrita\">A cura d&#8217;Assumpci\u00f3 Estivill<\/span><br \/>\n<span class=\"verdana_10_nopadding\">2008<br \/>\n722 p., 26,5 x 31,5 cm<br \/>\nISBN:978-84-7845-031-2<\/span><\/p>\n<p>Normatives i Publicacions T\u00e8cniques<\/p>\n","protected":false},"featured_media":613,"comment_status":"closed","ping_status":"closed","template":"","meta":[],"product_brand":[],"product_cat":[29],"product_tag":[],"class_list":{"0":"post-543","1":"product","2":"type-product","3":"status-publish","4":"has-post-thumbnail","6":"product_cat-normatives-i-publicacions-tecniques","8":"first","9":"instock","10":"taxable","11":"shipping-taxable","12":"purchasable","13":"product-type-simple"},"_links":{"self":[{"href":"https:\/\/botiga.bnc.cat\/index.php?rest_route=\/wp\/v2\/product\/543","targetHints":{"allow":["GET"]}}],"collection":[{"href":"https:\/\/botiga.bnc.cat\/index.php?rest_route=\/wp\/v2\/product"}],"about":[{"href":"https:\/\/botiga.bnc.cat\/index.php?rest_route=\/wp\/v2\/types\/product"}],"replies":[{"embeddable":true,"href":"https:\/\/botiga.bnc.cat\/index.php?rest_route=%2Fwp%2Fv2%2Fcomments&post=543"}],"wp:featuredmedia":[{"embeddable":true,"href":"https:\/\/botiga.bnc.cat\/index.php?rest_route=\/wp\/v2\/media\/613"}],"wp:attachment":[{"href":"https:\/\/botiga.bnc.cat\/index.php?rest_route=%2Fwp%2Fv2%2Fmedia&parent=543"}],"wp:term":[{"taxonomy":"product_brand","embeddable":true,"href":"https:\/\/botiga.bnc.cat\/index.php?rest_route=%2Fwp%2Fv2%2Fproduct_brand&post=543"},{"taxonomy":"product_cat","embeddable":true,"href":"https:\/\/botiga.bnc.cat\/index.php?rest_route=%2Fwp%2Fv2%2Fproduct_cat&post=543"},{"taxonomy":"product_tag","embeddable":true,"href":"https:\/\/botiga.bnc.cat\/index.php?rest_route=%2Fwp%2Fv2%2Fproduct_tag&post=543"}],"curies":[{"name":"wp","href":"https:\/\/api.w.org\/{rel}","templated":true}]}}