{"id":478,"date":"2013-01-01T15:21:43","date_gmt":"2013-01-01T13:21:43","guid":{"rendered":"https:\/\/botiga.bnc.cat\/?post_type=product&#038;p=478"},"modified":"2025-05-15T09:22:40","modified_gmt":"2025-05-15T07:22:40","slug":"estandards-de-digitalitzacio-requeriments-minims-actualitzats-a-marc-de-2013","status":"publish","type":"product","link":"https:\/\/botiga.bnc.cat\/?product=estandards-de-digitalitzacio-requeriments-minims-actualitzats-a-marc-de-2013","title":{"rendered":"Est\u00e0ndards de digitalitzaci\u00f3: requeriments m\u00ednims. Actualitzats a mar\u00e7 de 2013."},"content":{"rendered":"","protected":false},"excerpt":{"rendered":"<p><span class=\"verdana_10_naranja_negrita\">BC: CBUC: Col\u00b7legi Oficial de Bibliotecaris i Documentalistes de Catalunya, 2013\u00a0<\/span><br \/>\n<span class=\"verdana_10_nopadding\">Publicaci\u00f3 electr\u00f2nica\u00a0<\/span><\/p>\n","protected":false},"featured_media":858,"comment_status":"closed","ping_status":"closed","template":"","meta":[],"product_brand":[],"product_cat":[29],"product_tag":[58],"class_list":{"0":"post-478","1":"product","2":"type-product","3":"status-publish","4":"has-post-thumbnail","6":"product_cat-normatives-i-publicacions-tecniques","7":"product_tag-publicacio-digital-gratuita","9":"first","10":"instock","11":"downloadable","12":"virtual","13":"taxable","14":"product-type-simple"},"_links":{"self":[{"href":"https:\/\/botiga.bnc.cat\/index.php?rest_route=\/wp\/v2\/product\/478","targetHints":{"allow":["GET"]}}],"collection":[{"href":"https:\/\/botiga.bnc.cat\/index.php?rest_route=\/wp\/v2\/product"}],"about":[{"href":"https:\/\/botiga.bnc.cat\/index.php?rest_route=\/wp\/v2\/types\/product"}],"replies":[{"embeddable":true,"href":"https:\/\/botiga.bnc.cat\/index.php?rest_route=%2Fwp%2Fv2%2Fcomments&post=478"}],"wp:featuredmedia":[{"embeddable":true,"href":"https:\/\/botiga.bnc.cat\/index.php?rest_route=\/wp\/v2\/media\/858"}],"wp:attachment":[{"href":"https:\/\/botiga.bnc.cat\/index.php?rest_route=%2Fwp%2Fv2%2Fmedia&parent=478"}],"wp:term":[{"taxonomy":"product_brand","embeddable":true,"href":"https:\/\/botiga.bnc.cat\/index.php?rest_route=%2Fwp%2Fv2%2Fproduct_brand&post=478"},{"taxonomy":"product_cat","embeddable":true,"href":"https:\/\/botiga.bnc.cat\/index.php?rest_route=%2Fwp%2Fv2%2Fproduct_cat&post=478"},{"taxonomy":"product_tag","embeddable":true,"href":"https:\/\/botiga.bnc.cat\/index.php?rest_route=%2Fwp%2Fv2%2Fproduct_tag&post=478"}],"curies":[{"name":"wp","href":"https:\/\/api.w.org\/{rel}","templated":true}]}}