{"id":470,"date":"1931-01-01T09:14:26","date_gmt":"1931-01-01T07:14:26","guid":{"rendered":"https:\/\/botiga.bnc.cat\/?post_type=product&#038;p=470"},"modified":"2025-05-15T13:38:27","modified_gmt":"2025-05-15T11:38:27","slug":"el-codex-musical-de-las-huelgas-musica-a-veus-dels-segles-xiii-xiv-volum-i-introduccio","status":"publish","type":"product","link":"https:\/\/botiga.bnc.cat\/?product=el-codex-musical-de-las-huelgas-musica-a-veus-dels-segles-xiii-xiv-volum-i-introduccio","title":{"rendered":"El c\u00f2dex musical de Las Huelgas (m\u00fasica a veus dels segles XIII-XIV). Volum I (Introducci\u00f3)"},"content":{"rendered":"","protected":false},"excerpt":{"rendered":"<p><span class=\"verdana_10_naranja_negrita\">Higini Angl\u00e8s<\/span><br \/>\n<span class=\"verdana_10_nopadding\">1931<br \/>\n388 p., 24 x 31 cm<\/span><\/p>\n<p>Secci\u00f3 de M\u00fasica<\/p>\n","protected":false},"featured_media":720,"comment_status":"closed","ping_status":"closed","template":"","meta":[],"product_brand":[],"product_cat":[31],"product_tag":[58],"class_list":{"0":"post-470","1":"product","2":"type-product","3":"status-publish","4":"has-post-thumbnail","6":"product_cat-seccio-de-musica","7":"product_tag-publicacio-digital-gratuita","9":"first","10":"instock","11":"downloadable","12":"virtual","13":"taxable","14":"product-type-simple"},"_links":{"self":[{"href":"https:\/\/botiga.bnc.cat\/index.php?rest_route=\/wp\/v2\/product\/470","targetHints":{"allow":["GET"]}}],"collection":[{"href":"https:\/\/botiga.bnc.cat\/index.php?rest_route=\/wp\/v2\/product"}],"about":[{"href":"https:\/\/botiga.bnc.cat\/index.php?rest_route=\/wp\/v2\/types\/product"}],"replies":[{"embeddable":true,"href":"https:\/\/botiga.bnc.cat\/index.php?rest_route=%2Fwp%2Fv2%2Fcomments&post=470"}],"wp:featuredmedia":[{"embeddable":true,"href":"https:\/\/botiga.bnc.cat\/index.php?rest_route=\/wp\/v2\/media\/720"}],"wp:attachment":[{"href":"https:\/\/botiga.bnc.cat\/index.php?rest_route=%2Fwp%2Fv2%2Fmedia&parent=470"}],"wp:term":[{"taxonomy":"product_brand","embeddable":true,"href":"https:\/\/botiga.bnc.cat\/index.php?rest_route=%2Fwp%2Fv2%2Fproduct_brand&post=470"},{"taxonomy":"product_cat","embeddable":true,"href":"https:\/\/botiga.bnc.cat\/index.php?rest_route=%2Fwp%2Fv2%2Fproduct_cat&post=470"},{"taxonomy":"product_tag","embeddable":true,"href":"https:\/\/botiga.bnc.cat\/index.php?rest_route=%2Fwp%2Fv2%2Fproduct_tag&post=470"}],"curies":[{"name":"wp","href":"https:\/\/api.w.org\/{rel}","templated":true}]}}