{"id":430,"date":"1942-01-01T11:17:14","date_gmt":"1942-01-01T09:17:14","guid":{"rendered":"https:\/\/botiga.bnc.cat\/?post_type=product&#038;p=430"},"modified":"2025-05-15T13:31:37","modified_gmt":"2025-05-15T11:31:37","slug":"catalogo-de-la-exposicion-bibliografica-hispano-italiana-de-los-siglos-xvi-a-xviii-celebrada-en-noviembre-de-1940-redactado-y-ordenado-por-juan-givanel-y-mas-con-un-tributo-a-d-eduardo-toda-y-gue","status":"publish","type":"product","link":"https:\/\/botiga.bnc.cat\/?product=catalogo-de-la-exposicion-bibliografica-hispano-italiana-de-los-siglos-xvi-a-xviii-celebrada-en-noviembre-de-1940-redactado-y-ordenado-por-juan-givanel-y-mas-con-un-tributo-a-d-eduardo-toda-y-gue","title":{"rendered":"Cat\u00e1logo de la Exposici\u00f3n Bibliogr\u00e1fica Hispano-Italiana de los siglos XVI a XVIII (celebrada en noviembre de 1940). Redactado y ordenado por Juan Givanel y Mas, con un tributo a D. Eduardo Toda y G\u00fcell"},"content":{"rendered":"","protected":false},"excerpt":{"rendered":"<p><span class=\"verdana_10_naranja_negrita\">Felipe Mateu y Llopis<\/span><br \/>\n<span class=\"verdana_10_nopadding\">1942<br \/>\n64, [16] p., il., 15,7 x 23,5 cm<\/span><\/p>\n<p>Cat\u00e0legs d\u00b4Exposicions<\/p>\n","protected":false},"featured_media":945,"comment_status":"closed","ping_status":"closed","template":"","meta":[],"product_brand":[],"product_cat":[25],"product_tag":[],"class_list":{"0":"post-430","1":"product","2":"type-product","3":"status-publish","4":"has-post-thumbnail","6":"product_cat-catalegs-dexposicions","8":"first","9":"instock","10":"taxable","11":"shipping-taxable","12":"purchasable","13":"product-type-simple"},"_links":{"self":[{"href":"https:\/\/botiga.bnc.cat\/index.php?rest_route=\/wp\/v2\/product\/430","targetHints":{"allow":["GET"]}}],"collection":[{"href":"https:\/\/botiga.bnc.cat\/index.php?rest_route=\/wp\/v2\/product"}],"about":[{"href":"https:\/\/botiga.bnc.cat\/index.php?rest_route=\/wp\/v2\/types\/product"}],"replies":[{"embeddable":true,"href":"https:\/\/botiga.bnc.cat\/index.php?rest_route=%2Fwp%2Fv2%2Fcomments&post=430"}],"wp:featuredmedia":[{"embeddable":true,"href":"https:\/\/botiga.bnc.cat\/index.php?rest_route=\/wp\/v2\/media\/945"}],"wp:attachment":[{"href":"https:\/\/botiga.bnc.cat\/index.php?rest_route=%2Fwp%2Fv2%2Fmedia&parent=430"}],"wp:term":[{"taxonomy":"product_brand","embeddable":true,"href":"https:\/\/botiga.bnc.cat\/index.php?rest_route=%2Fwp%2Fv2%2Fproduct_brand&post=430"},{"taxonomy":"product_cat","embeddable":true,"href":"https:\/\/botiga.bnc.cat\/index.php?rest_route=%2Fwp%2Fv2%2Fproduct_cat&post=430"},{"taxonomy":"product_tag","embeddable":true,"href":"https:\/\/botiga.bnc.cat\/index.php?rest_route=%2Fwp%2Fv2%2Fproduct_tag&post=430"}],"curies":[{"name":"wp","href":"https:\/\/api.w.org\/{rel}","templated":true}]}}