{"id":428,"date":"1943-01-01T12:28:15","date_gmt":"1943-01-01T10:28:15","guid":{"rendered":"https:\/\/botiga.bnc.cat\/?post_type=product&#038;p=428"},"modified":"2025-05-15T13:29:10","modified_gmt":"2025-05-15T11:29:10","slug":"catalogo-de-la-exposicion-bibliografica-de-ajedrez-organizada-con-ejemplares-que-formaron-la-coleccion-de-d-jose-paluzie-y-lucena-donada-a-la-biblioteca-central-por-dona-mercedes-borrell-viuda-de-p","status":"publish","type":"product","link":"https:\/\/botiga.bnc.cat\/?product=catalogo-de-la-exposicion-bibliografica-de-ajedrez-organizada-con-ejemplares-que-formaron-la-coleccion-de-d-jose-paluzie-y-lucena-donada-a-la-biblioteca-central-por-dona-mercedes-borrell-viuda-de-p","title":{"rendered":"Cat\u00e1logo de la Exposici\u00f3n Bibliogr\u00e1fica de Ajedrez organizada con ejemplares que formaron la colecci\u00f3n de D. Jos\u00e9 Paluz\u00ede y Lucena, donada a la Biblioteca Central por Do\u00f1a Mercedes Borrell, Viuda de Paluz\u00ede, e hijos (Marzo de 1940)"},"content":{"rendered":"","protected":false},"excerpt":{"rendered":"<p>1943<br \/>\n36 p., il., 16,6 x 24 cm<\/p>\n<p>Cat\u00e0legs d\u00b4Exposicions<\/p>\n","protected":false},"featured_media":752,"comment_status":"closed","ping_status":"closed","template":"","meta":[],"product_brand":[],"product_cat":[25],"product_tag":[],"class_list":{"0":"post-428","1":"product","2":"type-product","3":"status-publish","4":"has-post-thumbnail","6":"product_cat-catalegs-dexposicions","8":"first","9":"instock","10":"taxable","11":"shipping-taxable","12":"purchasable","13":"product-type-simple"},"_links":{"self":[{"href":"https:\/\/botiga.bnc.cat\/index.php?rest_route=\/wp\/v2\/product\/428","targetHints":{"allow":["GET"]}}],"collection":[{"href":"https:\/\/botiga.bnc.cat\/index.php?rest_route=\/wp\/v2\/product"}],"about":[{"href":"https:\/\/botiga.bnc.cat\/index.php?rest_route=\/wp\/v2\/types\/product"}],"replies":[{"embeddable":true,"href":"https:\/\/botiga.bnc.cat\/index.php?rest_route=%2Fwp%2Fv2%2Fcomments&post=428"}],"wp:featuredmedia":[{"embeddable":true,"href":"https:\/\/botiga.bnc.cat\/index.php?rest_route=\/wp\/v2\/media\/752"}],"wp:attachment":[{"href":"https:\/\/botiga.bnc.cat\/index.php?rest_route=%2Fwp%2Fv2%2Fmedia&parent=428"}],"wp:term":[{"taxonomy":"product_brand","embeddable":true,"href":"https:\/\/botiga.bnc.cat\/index.php?rest_route=%2Fwp%2Fv2%2Fproduct_brand&post=428"},{"taxonomy":"product_cat","embeddable":true,"href":"https:\/\/botiga.bnc.cat\/index.php?rest_route=%2Fwp%2Fv2%2Fproduct_cat&post=428"},{"taxonomy":"product_tag","embeddable":true,"href":"https:\/\/botiga.bnc.cat\/index.php?rest_route=%2Fwp%2Fv2%2Fproduct_tag&post=428"}],"curies":[{"name":"wp","href":"https:\/\/api.w.org\/{rel}","templated":true}]}}