{"id":343,"date":"2011-01-01T10:11:37","date_gmt":"2011-01-01T08:11:37","guid":{"rendered":"https:\/\/botiga.bnc.cat\/?post_type=product&#038;p=343"},"modified":"2019-10-17T08:45:05","modified_gmt":"2019-10-17T06:45:05","slug":"haide-estudis-maragallians-butlleti-de-larxiu-joan-maragall-num-0","status":"publish","type":"product","link":"https:\/\/botiga.bnc.cat\/?product=haide-estudis-maragallians-butlleti-de-larxiu-joan-maragall-num-0","title":{"rendered":"Haid\u00e9. Estudis maragallians. Butllet\u00ed de l&#8217;Arxiu Joan Maragall. N\u00fam. 0"},"content":{"rendered":"<p><span class=\"verdana_10_nopadding\">44 p. Versi\u00f3 en PDF.<\/span><\/p>\n<p>n\u00fam. 0, 2011<\/p>\n","protected":false},"excerpt":{"rendered":"<p>44 p. Versi\u00f3 en PDF. n\u00fam. 0, 2011<\/p>\n","protected":false},"featured_media":627,"comment_status":"open","ping_status":"closed","template":"","meta":[],"product_brand":[],"product_cat":[39],"product_tag":[58],"class_list":{"0":"post-343","1":"product","2":"type-product","3":"status-publish","4":"has-post-thumbnail","6":"product_cat-haide","7":"product_tag-publicacio-digital-gratuita","9":"first","10":"instock","11":"downloadable","12":"virtual","13":"taxable","14":"product-type-simple"},"_links":{"self":[{"href":"https:\/\/botiga.bnc.cat\/index.php?rest_route=\/wp\/v2\/product\/343","targetHints":{"allow":["GET"]}}],"collection":[{"href":"https:\/\/botiga.bnc.cat\/index.php?rest_route=\/wp\/v2\/product"}],"about":[{"href":"https:\/\/botiga.bnc.cat\/index.php?rest_route=\/wp\/v2\/types\/product"}],"replies":[{"embeddable":true,"href":"https:\/\/botiga.bnc.cat\/index.php?rest_route=%2Fwp%2Fv2%2Fcomments&post=343"}],"wp:featuredmedia":[{"embeddable":true,"href":"https:\/\/botiga.bnc.cat\/index.php?rest_route=\/wp\/v2\/media\/627"}],"wp:attachment":[{"href":"https:\/\/botiga.bnc.cat\/index.php?rest_route=%2Fwp%2Fv2%2Fmedia&parent=343"}],"wp:term":[{"taxonomy":"product_brand","embeddable":true,"href":"https:\/\/botiga.bnc.cat\/index.php?rest_route=%2Fwp%2Fv2%2Fproduct_brand&post=343"},{"taxonomy":"product_cat","embeddable":true,"href":"https:\/\/botiga.bnc.cat\/index.php?rest_route=%2Fwp%2Fv2%2Fproduct_cat&post=343"},{"taxonomy":"product_tag","embeddable":true,"href":"https:\/\/botiga.bnc.cat\/index.php?rest_route=%2Fwp%2Fv2%2Fproduct_tag&post=343"}],"curies":[{"name":"wp","href":"https:\/\/api.w.org\/{rel}","templated":true}]}}