{"id":306,"date":"2013-01-01T10:02:33","date_gmt":"2013-01-01T08:02:33","guid":{"rendered":"https:\/\/botiga.bnc.cat\/?post_type=product&#038;p=306"},"modified":"2019-10-17T08:47:10","modified_gmt":"2019-10-17T06:47:10","slug":"haide-estudis-maragallians-butlleti-de-larxiu-joan-maragall-num-2","status":"publish","type":"product","link":"https:\/\/botiga.bnc.cat\/?product=haide-estudis-maragallians-butlleti-de-larxiu-joan-maragall-num-2","title":{"rendered":"Haid\u00e9. Estudis maragallians. Butllet\u00ed de l&#8217;Arxiu Joan Maragall. N\u00fam. 2"},"content":{"rendered":"<p><span class=\"verdana_10_nopadding\">227 p. Versi\u00f3 en PDF.<\/span><\/p>\n<p>n\u00fam. 2, 2013<\/p>\n","protected":false},"excerpt":{"rendered":"<p>227 p. Versi\u00f3 en PDF. n\u00fam. 2, 2013<\/p>\n","protected":false},"featured_media":629,"comment_status":"open","ping_status":"closed","template":"","meta":[],"product_brand":[],"product_cat":[39],"product_tag":[58],"class_list":{"0":"post-306","1":"product","2":"type-product","3":"status-publish","4":"has-post-thumbnail","6":"product_cat-haide","7":"product_tag-publicacio-digital-gratuita","9":"first","10":"instock","11":"downloadable","12":"virtual","13":"taxable","14":"product-type-simple"},"_links":{"self":[{"href":"https:\/\/botiga.bnc.cat\/index.php?rest_route=\/wp\/v2\/product\/306","targetHints":{"allow":["GET"]}}],"collection":[{"href":"https:\/\/botiga.bnc.cat\/index.php?rest_route=\/wp\/v2\/product"}],"about":[{"href":"https:\/\/botiga.bnc.cat\/index.php?rest_route=\/wp\/v2\/types\/product"}],"replies":[{"embeddable":true,"href":"https:\/\/botiga.bnc.cat\/index.php?rest_route=%2Fwp%2Fv2%2Fcomments&post=306"}],"wp:featuredmedia":[{"embeddable":true,"href":"https:\/\/botiga.bnc.cat\/index.php?rest_route=\/wp\/v2\/media\/629"}],"wp:attachment":[{"href":"https:\/\/botiga.bnc.cat\/index.php?rest_route=%2Fwp%2Fv2%2Fmedia&parent=306"}],"wp:term":[{"taxonomy":"product_brand","embeddable":true,"href":"https:\/\/botiga.bnc.cat\/index.php?rest_route=%2Fwp%2Fv2%2Fproduct_brand&post=306"},{"taxonomy":"product_cat","embeddable":true,"href":"https:\/\/botiga.bnc.cat\/index.php?rest_route=%2Fwp%2Fv2%2Fproduct_cat&post=306"},{"taxonomy":"product_tag","embeddable":true,"href":"https:\/\/botiga.bnc.cat\/index.php?rest_route=%2Fwp%2Fv2%2Fproduct_tag&post=306"}],"curies":[{"name":"wp","href":"https:\/\/api.w.org\/{rel}","templated":true}]}}