{"id":2981,"date":"2020-01-07T09:56:17","date_gmt":"2020-01-07T07:56:17","guid":{"rendered":"https:\/\/botiga.bnc.cat\/?post_type=product&#038;p=2981"},"modified":"2020-01-14T14:08:21","modified_gmt":"2020-01-14T12:08:21","slug":"haide-estudis-maragallians-butlleti-de-larxiu-joan-maragall-num-8","status":"publish","type":"product","link":"https:\/\/botiga.bnc.cat\/?product=haide-estudis-maragallians-butlleti-de-larxiu-joan-maragall-num-8","title":{"rendered":"Haid\u00e9. Estudis maragallians. Butllet\u00ed de l&#8217;Arxiu Joan Maragall. N\u00fam. 8"},"content":{"rendered":"<p><span class=\"verdana10nopadding\">191 p. Versi\u00f3 en PDF.<\/span><\/p>\n<p>n\u00fam. 8, 2019<\/p>\n","protected":false},"excerpt":{"rendered":"<p>191 p. Versi\u00f3 en PDF. n\u00fam. 8, 2019<\/p>\n","protected":false},"featured_media":2759,"comment_status":"closed","ping_status":"closed","template":"","meta":[],"product_brand":[],"product_cat":[39],"product_tag":[58],"class_list":{"0":"post-2981","1":"product","2":"type-product","3":"status-publish","4":"has-post-thumbnail","6":"product_cat-haide","7":"product_tag-publicacio-digital-gratuita","9":"first","10":"instock","11":"downloadable","12":"virtual","13":"taxable","14":"product-type-simple"},"_links":{"self":[{"href":"https:\/\/botiga.bnc.cat\/index.php?rest_route=\/wp\/v2\/product\/2981","targetHints":{"allow":["GET"]}}],"collection":[{"href":"https:\/\/botiga.bnc.cat\/index.php?rest_route=\/wp\/v2\/product"}],"about":[{"href":"https:\/\/botiga.bnc.cat\/index.php?rest_route=\/wp\/v2\/types\/product"}],"replies":[{"embeddable":true,"href":"https:\/\/botiga.bnc.cat\/index.php?rest_route=%2Fwp%2Fv2%2Fcomments&post=2981"}],"wp:featuredmedia":[{"embeddable":true,"href":"https:\/\/botiga.bnc.cat\/index.php?rest_route=\/wp\/v2\/media\/2759"}],"wp:attachment":[{"href":"https:\/\/botiga.bnc.cat\/index.php?rest_route=%2Fwp%2Fv2%2Fmedia&parent=2981"}],"wp:term":[{"taxonomy":"product_brand","embeddable":true,"href":"https:\/\/botiga.bnc.cat\/index.php?rest_route=%2Fwp%2Fv2%2Fproduct_brand&post=2981"},{"taxonomy":"product_cat","embeddable":true,"href":"https:\/\/botiga.bnc.cat\/index.php?rest_route=%2Fwp%2Fv2%2Fproduct_cat&post=2981"},{"taxonomy":"product_tag","embeddable":true,"href":"https:\/\/botiga.bnc.cat\/index.php?rest_route=%2Fwp%2Fv2%2Fproduct_tag&post=2981"}],"curies":[{"name":"wp","href":"https:\/\/api.w.org\/{rel}","templated":true}]}}