{"id":294,"date":"2016-01-01T09:41:18","date_gmt":"2016-01-01T07:41:18","guid":{"rendered":"https:\/\/botiga.bnc.cat\/?post_type=product&#038;p=294"},"modified":"2019-10-17T08:48:27","modified_gmt":"2019-10-17T06:48:27","slug":"haide-estudis-maragallians-butlleti-de-larxiu-joan-maragall-num-5","status":"publish","type":"product","link":"https:\/\/botiga.bnc.cat\/?product=haide-estudis-maragallians-butlleti-de-larxiu-joan-maragall-num-5","title":{"rendered":"Haid\u00e9. Estudis maragallians. Butllet\u00ed de l&#8217;Arxiu Joan Maragall. N\u00fam. 5"},"content":{"rendered":"<p><span class=\"verdana_10_nopadding\">170 p. Versi\u00f3 en PDF.<\/span><\/p>\n<p>n\u00fam. 5, 2016<\/p>\n","protected":false},"excerpt":{"rendered":"<p><img loading=\"lazy\" decoding=\"async\" class=\"alignnone size-medium wp-image-292\" src=\"https:\/\/botiga.bnc.cat\/wp-content\/uploads\/2019\/07\/haide_num5_portada_marc-196x300.gif\" alt=\"\" width=\"196\" height=\"300\" srcset=\"https:\/\/botiga.bnc.cat\/wp-content\/uploads\/2019\/07\/haide_num5_portada_marc-196x300.gif 196w, https:\/\/botiga.bnc.cat\/wp-content\/uploads\/2019\/07\/haide_num5_portada_marc-105x160.gif 105w, https:\/\/botiga.bnc.cat\/wp-content\/uploads\/2019\/07\/haide_num5_portada_marc-212x324.gif 212w, https:\/\/botiga.bnc.cat\/wp-content\/uploads\/2019\/07\/haide_num5_portada_marc-416x636.gif 416w, https:\/\/botiga.bnc.cat\/wp-content\/uploads\/2019\/07\/haide_num5_portada_marc-98x150.gif 98w\" sizes=\"auto, (max-width: 196px) 100vw, 196px\" \/><\/p>\n","protected":false},"featured_media":632,"comment_status":"open","ping_status":"closed","template":"","meta":[],"product_brand":[],"product_cat":[39],"product_tag":[58],"class_list":{"0":"post-294","1":"product","2":"type-product","3":"status-publish","4":"has-post-thumbnail","6":"product_cat-haide","7":"product_tag-publicacio-digital-gratuita","9":"first","10":"instock","11":"downloadable","12":"virtual","13":"taxable","14":"product-type-simple"},"_links":{"self":[{"href":"https:\/\/botiga.bnc.cat\/index.php?rest_route=\/wp\/v2\/product\/294","targetHints":{"allow":["GET"]}}],"collection":[{"href":"https:\/\/botiga.bnc.cat\/index.php?rest_route=\/wp\/v2\/product"}],"about":[{"href":"https:\/\/botiga.bnc.cat\/index.php?rest_route=\/wp\/v2\/types\/product"}],"replies":[{"embeddable":true,"href":"https:\/\/botiga.bnc.cat\/index.php?rest_route=%2Fwp%2Fv2%2Fcomments&post=294"}],"wp:featuredmedia":[{"embeddable":true,"href":"https:\/\/botiga.bnc.cat\/index.php?rest_route=\/wp\/v2\/media\/632"}],"wp:attachment":[{"href":"https:\/\/botiga.bnc.cat\/index.php?rest_route=%2Fwp%2Fv2%2Fmedia&parent=294"}],"wp:term":[{"taxonomy":"product_brand","embeddable":true,"href":"https:\/\/botiga.bnc.cat\/index.php?rest_route=%2Fwp%2Fv2%2Fproduct_brand&post=294"},{"taxonomy":"product_cat","embeddable":true,"href":"https:\/\/botiga.bnc.cat\/index.php?rest_route=%2Fwp%2Fv2%2Fproduct_cat&post=294"},{"taxonomy":"product_tag","embeddable":true,"href":"https:\/\/botiga.bnc.cat\/index.php?rest_route=%2Fwp%2Fv2%2Fproduct_tag&post=294"}],"curies":[{"name":"wp","href":"https:\/\/api.w.org\/{rel}","templated":true}]}}