{"id":1008,"date":"1950-01-01T13:44:13","date_gmt":"1950-01-01T11:44:13","guid":{"rendered":"https:\/\/botiga.bnc.cat\/?post_type=product&#038;p=1008"},"modified":"2025-05-15T13:24:01","modified_gmt":"2025-05-15T11:24:01","slug":"catalogo-de-la-exposicion-bibliografica-de-elio-antonio-de-nebrija-celebrada-en-conmemoracion-del-v-centenario-de-su-nacimiento-1444-1944","status":"publish","type":"product","link":"https:\/\/botiga.bnc.cat\/?product=catalogo-de-la-exposicion-bibliografica-de-elio-antonio-de-nebrija-celebrada-en-conmemoracion-del-v-centenario-de-su-nacimiento-1444-1944","title":{"rendered":"Cat\u00e1logo de la exposici\u00f3n bibliogr\u00e1fica de Elio Antonio de Nebrija celebrada en conmemoraci\u00f3n del V Centenario de su nacimiento (1444-1944)"},"content":{"rendered":"","protected":false},"excerpt":{"rendered":"<p><a><span class=\"verdana_10_naranja_negrita\">Luis M\u00aa Plaza Escudero\u00a0<\/span><\/a><br \/>\n<span class=\"verdana_10_nopadding\">1950<br \/>\n41 p., 33 l\u00e0m., 17 x 24 cm<br \/>\n<\/span><span class=\"verdana_10_nopadding\">Cat\u00e0legs d&#8217;Exposicions<\/span><\/p>\n","protected":false},"featured_media":1005,"comment_status":"closed","ping_status":"closed","template":"","meta":[],"product_brand":[],"product_cat":[25],"product_tag":[],"class_list":{"0":"post-1008","1":"product","2":"type-product","3":"status-publish","4":"has-post-thumbnail","6":"product_cat-catalegs-dexposicions","8":"first","9":"instock","10":"taxable","11":"shipping-taxable","12":"purchasable","13":"product-type-simple"},"_links":{"self":[{"href":"https:\/\/botiga.bnc.cat\/index.php?rest_route=\/wp\/v2\/product\/1008","targetHints":{"allow":["GET"]}}],"collection":[{"href":"https:\/\/botiga.bnc.cat\/index.php?rest_route=\/wp\/v2\/product"}],"about":[{"href":"https:\/\/botiga.bnc.cat\/index.php?rest_route=\/wp\/v2\/types\/product"}],"replies":[{"embeddable":true,"href":"https:\/\/botiga.bnc.cat\/index.php?rest_route=%2Fwp%2Fv2%2Fcomments&post=1008"}],"wp:featuredmedia":[{"embeddable":true,"href":"https:\/\/botiga.bnc.cat\/index.php?rest_route=\/wp\/v2\/media\/1005"}],"wp:attachment":[{"href":"https:\/\/botiga.bnc.cat\/index.php?rest_route=%2Fwp%2Fv2%2Fmedia&parent=1008"}],"wp:term":[{"taxonomy":"product_brand","embeddable":true,"href":"https:\/\/botiga.bnc.cat\/index.php?rest_route=%2Fwp%2Fv2%2Fproduct_brand&post=1008"},{"taxonomy":"product_cat","embeddable":true,"href":"https:\/\/botiga.bnc.cat\/index.php?rest_route=%2Fwp%2Fv2%2Fproduct_cat&post=1008"},{"taxonomy":"product_tag","embeddable":true,"href":"https:\/\/botiga.bnc.cat\/index.php?rest_route=%2Fwp%2Fv2%2Fproduct_tag&post=1008"}],"curies":[{"name":"wp","href":"https:\/\/api.w.org\/{rel}","templated":true}]}}