{"id":5821,"date":"2020-09-21T09:41:11","date_gmt":"2020-09-21T07:41:11","guid":{"rendered":"https:\/\/botiga.bnc.cat\/?page_id=5821"},"modified":"2025-06-23T14:56:37","modified_gmt":"2025-06-23T12:56:37","slug":"accessibilitat","status":"publish","type":"page","link":"https:\/\/botiga.bnc.cat\/?page_id=5821","title":{"rendered":"Accessibilitat"},"content":{"rendered":"\n<p>La Biblioteca de Catalunya s\u2019ha comprom\u00e8s a fer accessibles els seus webs de conformitat amb el Reial Decret 1112\/2018, de 7 de setembre, sobre accessibilitat dels llocs web i aplicacions per a dispositius m\u00f2bils del sector p\u00fablic (en endavant, Reial Decret 1112\/2018, de 7 de setembre), i amb el Decret 216\/2023, de 5 de desembre, sobre accessibilitat dels llocs web i de les aplicacions per a dispositius m\u00f2bils de l\u2019Administraci\u00f3 de la Generalitat de Catalunya i del seu sector p\u00fablic (en endavant, Decret 216\/2023).<\/p>\n\n\n\n<p>Aquesta declaraci\u00f3 d\u2019accessibilitat s\u2019aplica al web https:\/\/botiga.bnc.cat<\/p>\n\n\n\n<h2 class=\"wp-block-heading\">Situaci\u00f3 de compliment<\/h2>\n\n\n\n<p>Aquest web \u00e9s <strong>parcialment conforme<\/strong> amb el Reial &nbsp;Decret 1112\/2018 i amb el Decret 216\/2023, a causa de les excepcions i la &nbsp;manca de conformitat dels aspectes que s\u2019indiquen a continuaci\u00f3.<\/p>\n\n\n\n<h2 class=\"wp-block-heading\">Contingut no accessible<\/h2>\n\n\n\n<p>El contingut que es recull a continuaci\u00f3 no \u00e9s accessible pels seg\u00fcents motius:<\/p>\n\n\n\n<ul class=\"wp-block-list\">\n<li>Manca de conformitat amb el Reial Decret 1112\/2018 i amb el Decret 216\/2023: &nbsp;<br>\n<ul class=\"wp-block-list\">\n<li>Podrien existir diversos errors d\u2019edici\u00f3 en alguna p\u00e0gina web, tant a continguts HTML com a documents finals, publicats amb data posterior al 20 de setembre de 2018.<\/li>\n<\/ul>\n<\/li>\n\n\n\n<li>C\u00e0rrega desproporcionada: no aplica.<\/li>\n\n\n\n<li>El contingut no entra dins de l\u2019\u00e0mbit de la legislaci\u00f3 aplicable: podrien existir arxius ofim\u00e0tics en PDF o altres formats publicats abans del 20 de setembre de 2018 que no compleixin en la totalitat els requisits d\u2019accessibilitat.<\/li>\n<\/ul>\n\n\n\n<h2 class=\"wp-block-heading\">Preparaci\u00f3 de la present declaraci\u00f3 d\u2019accessibilitat<\/h2>\n\n\n\n<p>La present declaraci\u00f3 va ser preparada el 22 de maig de 2025.<\/p>\n\n\n\n<p>El m\u00e8tode utilitzat per preparar la declaraci\u00f3 ha estat una autoavaluaci\u00f3 portada a terme per la Biblioteca de Catalunya.<\/p>\n\n\n\n<p>Darrera revisi\u00f3 de la declaraci\u00f3: 19 de juny de 2025.<\/p>\n\n\n\n<h2 class=\"wp-block-heading\">Observacions i dades de contacte<\/h2>\n\n\n\n<h3 class=\"wp-block-heading\">Comunicacions<\/h3>\n\n\n\n<p>Es poden realitzar comunicacions sobre requisits d\u2019accessibilitat (article 10.2.a del Reial Decret 1112\/2018), a trav\u00e9s de la seg\u00fcent <a href=\"https:\/\/ovt.gencat.cat\/gsitfc\/AppJava\/generic\/conqxsGeneric.do?topicLevel1.id=500&amp;topicLevel2.id=20523&amp;webFormId=391&amp;set-locale=ca_ES\" target=\"_blank\" rel=\"noreferrer noopener\">b\u00fastia de contacte<\/a>.<\/p>\n\n\n\n<p>Per exemple:<\/p>\n\n\n\n<ul class=\"wp-block-list\">\n<li>Informar sobre qualsevol possible incompliment per part d\u2019aquest lloc web.<\/li>\n\n\n\n<li>Transmetre altres dificultats d\u2019acc\u00e9s al contingut.<\/li>\n\n\n\n<li>Formular qualsevol altra consulta o suggeriment de millora relativa a l\u2019accessibilitat del lloc web.<\/li>\n<\/ul>\n\n\n\n<h3 class=\"wp-block-heading\">Sol\u00b7licituds d\u2019informaci\u00f3 accessible i queixes<\/h3>\n\n\n\n<p>Per fer sol\u00b7licituds d\u2019informaci\u00f3 accessible i queixes (article 12 del Reial Decret 1112\/2018) cal accedir al tr\u00e0mit \u201c<a href=\"https:\/\/web.gencat.cat\/ca\/tramits\/tramits-temes\/Continguts-accessibles-al-web\" target=\"_blank\" rel=\"noreferrer noopener\">Continguts accessibles al web<\/a>\u201d i seguir la modalitat \u201c<a href=\"https:\/\/web.gencat.cat\/ca\/tramits\/tramits-temes\/Continguts-accessibles-al-web?moda=1\" target=\"_blank\" rel=\"noreferrer noopener\">Sol\u2022licitar informaci\u00f3 accessible o fer una queixa<\/a>\u201d.<\/p>\n\n\n\n<p>Qualsevol persona f\u00edsica o jur\u00eddica pot formular queixes relatives al compliment dels requisits del Reial Decret 1112\/2018 i sol\u00b7licitar informaci\u00f3 relativa a continguts que estiguin exclosos de l\u2019\u00e0mbit d\u2019aplicaci\u00f3 d\u2019aquesta normativa.<\/p>\n\n\n\n<p>Les sol\u00b7licituds i queixes es registren conforme als requisits establerts per la Llei 39\/2015 d\u20191 d\u2019octubre, del Procediment Administratiu Com\u00fa de les Administracions P\u00fabliques.<\/p>\n\n\n\n<h3 class=\"wp-block-heading\">Procediment d\u2019aplicaci\u00f3<\/h3>\n\n\n\n<p>El procediment d\u2019aplicaci\u00f3 recollit a l\u2019article 13 del Reial Decret 1112\/2018 es pot iniciar al tr\u00e0mit \u201c<a href=\"https:\/\/web.gencat.cat\/ca\/tramits\/tramits-temes\/Continguts-accessibles-al-web\" target=\"_blank\" rel=\"noreferrer noopener\">Continguts accessibles al web<\/a>\u201d a trav\u00e9s de la modalitat \u201c<a href=\"https:\/\/web.gencat.cat\/ca\/tramits\/tramits-temes\/Continguts-accessibles-al-web?category=&amp;moda=2\" target=\"_blank\" rel=\"noreferrer noopener\">Reclamar una sol\u00b7licitud<\/a>\u201d.<\/p>\n\n\n\n<p>Si un cop realitzada una sol\u2022licitud d\u2019informaci\u00f3 accessible o queixa, aquesta ha estat desestimada, no est\u00e0s d\u2019acord amb la decisi\u00f3 adoptada o la resposta no compleix amb els requisits de l\u2019article 12.5 del RD 1112\/2018, pots iniciar una reclamaci\u00f3 per<\/p>\n\n\n\n<ul class=\"wp-block-list\">\n<li>con\u00e8ixer i oposar-te als motius de la desestimaci\u00f3<\/li>\n\n\n\n<li>instar a l\u2019adopci\u00f3 de les mesures oportunes en cas de no estar d\u2019acord amb la decisi\u00f3 adoptada<\/li>\n\n\n\n<li>exposar les raons per les quals consideres que la resposta no compleix amb els requisits exigits.<\/li>\n<\/ul>\n\n\n\n<p>Tamb\u00e9 es pot iniciar una reclamaci\u00f3 en cas que hagin transcorregut 20 dies h\u00e0bils sense haver obtingut cap resposta.<\/p>\n\n\n\n<h2 class=\"wp-block-heading\">El comprom\u00eds de la biblioteca per l&#8217;accessibilitat<\/h2>\n\n\n\n<p>La Biblioteca de Catalunya treballa amb l&#8217;objectiu d&#8217;adaptar tot el web a les recomanacions del Consorci World Wide Web W3C per tal d&#8217;eliminar les barreres que dificulten l&#8217;acc\u00e9s a la informaci\u00f3 i la comunicaci\u00f3. Aquestes recomanacions es concreten en les pautes d&#8217;accessibilitat del web WCAG 2.1.<\/p>\n\n\n\n<p>El comprom\u00eds de la Biblioteca de Catalunya \u00e9s arribar a complir el nivell de conformitat \u2018Doble-A\u2019 (AA), tal com exigeixen a les administracions p\u00fabliques les legislacions europea i estatal.<\/p>\n\n\n\n<p>La Directiva (UE) 2016\/2102 del Parlament Europeu i del Consell de 26 d\u2019octubre de 2016 estableix les normes que s\u2019exigeixen als estats membres per tal que tots els webs i aplicacions m\u00f2bils del sector p\u00fablic, independentment del dispositiu utilitzat per accedir-hi, compleixin els requisits d\u2019accessibilitat que es recullen a la norma EN 301 549 v2.1.2 (d\u2019agost de 2018), de requisits d\u2019accessibilitat adequats per a la contractaci\u00f3 p\u00fablica de productes i serveis TIC a Europa.<\/p>\n\n\n\n<p>La norma EN 301 549 v2.1.1.2 es basa principalment en les Web Content Accessibility Guidelines (WCAG) 2.1, d\u2019agost de 2018. Concretament cal complir el nivell AA. No obstant aix\u00f2, la norma tamb\u00e9 t\u00e9 altres requisits addicionals, obligatoris i condicionals.<\/p>\n\n\n\n<p>La directiva \u00e9s d\u2019obligat compliment per\u00f2 no \u00e9s directament aplicable, per aix\u00f2 en l&#8217;\u00e0mbit estatal s\u2019ha desenvolupat un real decret que desenvolupa l\u2019abast i els requisits, com a m\u00ednim. La transposici\u00f3 estatal \u00e9s el Reial Decret 1112\/2018, de 7 de setembre, sobre accessibilitat dels llocs webs i aplicacions per a dispositius m\u00f2bils del sector p\u00fablic.<\/p>\n","protected":false},"excerpt":{"rendered":"<p>La Biblioteca de Catalunya s\u2019ha comprom\u00e8s a fer accessibles els seus webs de conformitat amb el Reial Decret 1112\/2018, de 7 de setembre, sobre accessibilitat dels llocs web i aplicacions per a dispositius m\u00f2bils del sector p\u00fablic (en endavant, Reial Decret 1112\/2018, de 7 de setembre), i amb el Decret 216\/2023, de 5 de desembre, [&hellip;]<\/p>\n","protected":false},"author":2,"featured_media":0,"parent":0,"menu_order":0,"comment_status":"closed","ping_status":"closed","template":"","meta":{"footnotes":""},"class_list":["post-5821","page","type-page","status-publish","hentry"],"_links":{"self":[{"href":"https:\/\/botiga.bnc.cat\/index.php?rest_route=\/wp\/v2\/pages\/5821","targetHints":{"allow":["GET"]}}],"collection":[{"href":"https:\/\/botiga.bnc.cat\/index.php?rest_route=\/wp\/v2\/pages"}],"about":[{"href":"https:\/\/botiga.bnc.cat\/index.php?rest_route=\/wp\/v2\/types\/page"}],"author":[{"embeddable":true,"href":"https:\/\/botiga.bnc.cat\/index.php?rest_route=\/wp\/v2\/users\/2"}],"replies":[{"embeddable":true,"href":"https:\/\/botiga.bnc.cat\/index.php?rest_route=%2Fwp%2Fv2%2Fcomments&post=5821"}],"version-history":[{"count":3,"href":"https:\/\/botiga.bnc.cat\/index.php?rest_route=\/wp\/v2\/pages\/5821\/revisions"}],"predecessor-version":[{"id":6109,"href":"https:\/\/botiga.bnc.cat\/index.php?rest_route=\/wp\/v2\/pages\/5821\/revisions\/6109"}],"wp:attachment":[{"href":"https:\/\/botiga.bnc.cat\/index.php?rest_route=%2Fwp%2Fv2%2Fmedia&parent=5821"}],"curies":[{"name":"wp","href":"https:\/\/api.w.org\/{rel}","templated":true}]}}