{"id":402,"date":"2019-07-11T12:53:56","date_gmt":"2019-07-11T10:53:56","guid":{"rendered":"https:\/\/botiga.bnc.cat\/?page_id=402"},"modified":"2019-10-07T09:32:36","modified_gmt":"2019-10-07T07:32:36","slug":"destacat","status":"publish","type":"page","link":"https:\/\/botiga.bnc.cat\/?page_id=402","title":{"rendered":"Novetats"},"content":{"rendered":"<div data-block-name=\"woocommerce\/product-new\" class=\"wc-block-grid wp-block-product-new wp-block-woocommerce-product-new wc-block-product-new has-3-columns has-multiple-rows\"><ul class=\"wc-block-grid__products\"><li class=\"wc-block-grid__product\">\n\t\t\t\t<a href=\"https:\/\/botiga.bnc.cat\/?product=haide-estudis-maragallians-bitlleti-de-larxiu-joan-maragall-num-14\" class=\"wc-block-grid__product-link\">\n\t\t\t\t\t\n\t\t\t\t\t<div class=\"wc-block-grid__product-image\"><img loading=\"lazy\" decoding=\"async\" width=\"324\" height=\"432\" src=\"https:\/\/botiga.bnc.cat\/wp-content\/uploads\/2025\/12\/haide_num14_portada_botiga-324x432.jpg\" class=\"attachment-woocommerce_thumbnail size-woocommerce_thumbnail\" alt=\"Haid\u00e9. Estudis maragallians. Bitllet\u00ed de l&#039;Arxiu Joan Maragall. N\u00fam. 14\" \/><\/div>\n\t\t\t\t\t<div class=\"wc-block-grid__product-title\">Haid\u00e9. Estudis maragallians. Bitllet\u00ed de l&#8217;Arxiu Joan Maragall. N\u00fam. 14<\/div>\n\t\t\t\t<\/a>\n\t\t\t\t<div class=\"wc-block-grid__product-price price\"><\/div>\n\t\t\t\t\n\t\t\t\t<div class=\"wp-block-button wc-block-grid__product-add-to-cart\"><a href=\"https:\/\/botiga.bnc.cat\/?product=haide-estudis-maragallians-bitlleti-de-larxiu-joan-maragall-num-14\" aria-label=\"M\u00e9s informaci\u00f3 sobre &ldquo;Haid\u00e9. Estudis maragallians. Bitllet\u00ed de l&#039;Arxiu Joan Maragall. N\u00fam. 14&rdquo;\" data-quantity=\"1\" data-product_id=\"6152\" data-product_sku=\"\" data-price=\"0\" rel=\"nofollow\" class=\"wp-block-button__link  add_to_cart_button\">Llegeix m\u00e9s<\/a><\/div>\n\t\t\t<\/li><li class=\"wc-block-grid__product\">\n\t\t\t\t<a href=\"https:\/\/botiga.bnc.cat\/?product=la-medicina-a-la-biblioteca-de-catalunya\" class=\"wc-block-grid__product-link\">\n\t\t\t\t\t\n\t\t\t\t\t<div class=\"wc-block-grid__product-image\"><img loading=\"lazy\" decoding=\"async\" width=\"324\" height=\"432\" src=\"https:\/\/botiga.bnc.cat\/wp-content\/uploads\/2025\/12\/La-medicina-a-la-Biblioteca-de-Catalunya-324x432.jpg\" class=\"attachment-woocommerce_thumbnail size-woocommerce_thumbnail\" alt=\"La medicina a la Biblioteca de Catalunya\" \/><\/div>\n\t\t\t\t\t<div class=\"wc-block-grid__product-title\">La medicina a la Biblioteca de Catalunya<\/div>\n\t\t\t\t<\/a>\n\t\t\t\t<div class=\"wc-block-grid__product-price price\"><\/div>\n\t\t\t\t\n\t\t\t\t<div class=\"wp-block-button wc-block-grid__product-add-to-cart\"><a href=\"https:\/\/botiga.bnc.cat\/?product=la-medicina-a-la-biblioteca-de-catalunya\" aria-label=\"M\u00e9s informaci\u00f3 sobre &ldquo;La medicina a la Biblioteca de Catalunya&rdquo;\" data-quantity=\"1\" data-product_id=\"6148\" data-product_sku=\"\" data-price=\"0\" rel=\"nofollow\" class=\"wp-block-button__link  add_to_cart_button\">Llegeix m\u00e9s<\/a><\/div>\n\t\t\t<\/li><li class=\"wc-block-grid__product\">\n\t\t\t\t<a href=\"https:\/\/botiga.bnc.cat\/?product=escriptura-vida-i-compromis\" class=\"wc-block-grid__product-link\">\n\t\t\t\t\t\n\t\t\t\t\t<div class=\"wc-block-grid__product-image\"><img loading=\"lazy\" decoding=\"async\" width=\"324\" height=\"432\" src=\"https:\/\/botiga.bnc.cat\/wp-content\/uploads\/2025\/12\/Coberta-Diaris-Candel-324x432.jpg\" class=\"attachment-woocommerce_thumbnail size-woocommerce_thumbnail\" alt=\"Escriptura, vida i comprom\u00eds\" \/><\/div>\n\t\t\t\t\t<div class=\"wc-block-grid__product-title\">Escriptura, vida i comprom\u00eds<\/div>\n\t\t\t\t<\/a>\n\t\t\t\t<div class=\"wc-block-grid__product-price price\"><span class=\"woocommerce-Price-amount amount\">25,00<span class=\"woocommerce-Price-currencySymbol\">&euro;<\/span><\/span> <small class=\"woocommerce-price-suffix\">IVA incl.<\/small><\/div>\n\t\t\t\t\n\t\t\t\t<div class=\"wp-block-button wc-block-grid__product-add-to-cart\"><a href=\"\/index.php?rest_route=%2Fwp%2Fv2%2Fpages%2F402&#038;add-to-cart=6146\" aria-label=\"Afegeix a la cistella: &ldquo;Escriptura, vida i comprom\u00eds&rdquo;\" data-quantity=\"1\" data-product_id=\"6146\" data-product_sku=\"\" data-price=\"25\" rel=\"nofollow\" class=\"wp-block-button__link  add_to_cart_button ajax_add_to_cart\">Afegeix a la cistella<\/a><\/div>\n\t\t\t<\/li><li class=\"wc-block-grid__product\">\n\t\t\t\t<a href=\"https:\/\/botiga.bnc.cat\/?product=guia-catalana-de-la-perfeta-musica-1730\" class=\"wc-block-grid__product-link\">\n\t\t\t\t\t\n\t\t\t\t\t<div class=\"wc-block-grid__product-image\"><img loading=\"lazy\" decoding=\"async\" width=\"324\" height=\"432\" src=\"https:\/\/botiga.bnc.cat\/wp-content\/uploads\/2025\/07\/Guia-catalana-perfeta-musica-324x432.jpg\" class=\"attachment-woocommerce_thumbnail size-woocommerce_thumbnail\" alt=\"Guia catalana de la perfeta musica (1730)\" \/><\/div>\n\t\t\t\t\t<div class=\"wc-block-grid__product-title\">Guia catalana de la perfeta musica (1730)<\/div>\n\t\t\t\t<\/a>\n\t\t\t\t<div class=\"wc-block-grid__product-price price\"><span class=\"woocommerce-Price-amount amount\">10,00<span class=\"woocommerce-Price-currencySymbol\">&euro;<\/span><\/span> <small class=\"woocommerce-price-suffix\">IVA incl.<\/small><\/div>\n\t\t\t\t\n\t\t\t\t<div class=\"wp-block-button wc-block-grid__product-add-to-cart\"><a href=\"\/index.php?rest_route=%2Fwp%2Fv2%2Fpages%2F402&#038;add-to-cart=6115\" aria-label=\"Afegeix a la cistella: &ldquo;Guia catalana de la perfeta musica (1730)&rdquo;\" data-quantity=\"1\" data-product_id=\"6115\" data-product_sku=\"\" data-price=\"10\" rel=\"nofollow\" class=\"wp-block-button__link  add_to_cart_button ajax_add_to_cart\">Afegeix a la cistella<\/a><\/div>\n\t\t\t<\/li><li class=\"wc-block-grid__product\">\n\t\t\t\t<a href=\"https:\/\/botiga.bnc.cat\/?product=marques-tipografiques-dambit-catala\" class=\"wc-block-grid__product-link\">\n\t\t\t\t\t\n\t\t\t\t\t<div class=\"wc-block-grid__product-image\"><img loading=\"lazy\" decoding=\"async\" width=\"324\" height=\"432\" src=\"https:\/\/botiga.bnc.cat\/wp-content\/uploads\/2025\/02\/Marques-tipografiques-catalanes-324x432.jpg\" class=\"attachment-woocommerce_thumbnail size-woocommerce_thumbnail\" alt=\"Marques tipogr\u00e0fiques d&#039;\u00e0mbit catal\u00e0(segles XV-XVII). Repertori i estudi\" srcset=\"https:\/\/botiga.bnc.cat\/wp-content\/uploads\/2025\/02\/Marques-tipografiques-catalanes-324x432.jpg 324w, https:\/\/botiga.bnc.cat\/wp-content\/uploads\/2025\/02\/Marques-tipografiques-catalanes-119x160.jpg 119w\" sizes=\"auto, (max-width: 324px) 100vw, 324px\" \/><\/div>\n\t\t\t\t\t<div class=\"wc-block-grid__product-title\">Marques tipogr\u00e0fiques d&#8217;\u00e0mbit catal\u00e0(segles XV-XVII). Repertori i estudi<\/div>\n\t\t\t\t<\/a>\n\t\t\t\t<div class=\"wc-block-grid__product-price price\"><span class=\"woocommerce-Price-amount amount\">50,00<span class=\"woocommerce-Price-currencySymbol\">&euro;<\/span><\/span> <small class=\"woocommerce-price-suffix\">IVA incl.<\/small><\/div>\n\t\t\t\t\n\t\t\t\t<div class=\"wp-block-button wc-block-grid__product-add-to-cart\"><a href=\"\/index.php?rest_route=%2Fwp%2Fv2%2Fpages%2F402&#038;add-to-cart=6068\" aria-label=\"Afegeix a la cistella: &ldquo;Marques tipogr\u00e0fiques d&#039;\u00e0mbit catal\u00e0(segles XV-XVII). Repertori i estudi&rdquo;\" data-quantity=\"1\" data-product_id=\"6068\" data-product_sku=\"\" data-price=\"50\" rel=\"nofollow\" class=\"wp-block-button__link  add_to_cart_button ajax_add_to_cart\">Afegeix a la cistella<\/a><\/div>\n\t\t\t<\/li><li class=\"wc-block-grid__product\">\n\t\t\t\t<a href=\"https:\/\/botiga.bnc.cat\/?product=pere-vila-ca-1460-1538-i-pere-alberch-1517-1582\" class=\"wc-block-grid__product-link\">\n\t\t\t\t\t\n\t\t\t\t\t<div class=\"wc-block-grid__product-image\"><img loading=\"lazy\" decoding=\"async\" width=\"324\" height=\"432\" src=\"https:\/\/botiga.bnc.cat\/wp-content\/uploads\/2025\/02\/Pere-Vila-Pere-Alberch-324x432.jpg\" class=\"attachment-woocommerce_thumbnail size-woocommerce_thumbnail\" alt=\"Pere Vila (ca. 1460-1538) i Pere Alberch (1517-1582)\" \/><\/div>\n\t\t\t\t\t<div class=\"wc-block-grid__product-title\">Pere Vila (ca. 1460-1538) i Pere Alberch (1517-1582)<\/div>\n\t\t\t\t<\/a>\n\t\t\t\t<div class=\"wc-block-grid__product-price price\"><span class=\"woocommerce-Price-amount amount\">50,00<span class=\"woocommerce-Price-currencySymbol\">&euro;<\/span><\/span> <small class=\"woocommerce-price-suffix\">IVA incl.<\/small><\/div>\n\t\t\t\t\n\t\t\t\t<div class=\"wp-block-button wc-block-grid__product-add-to-cart\"><a href=\"\/index.php?rest_route=%2Fwp%2Fv2%2Fpages%2F402&#038;add-to-cart=6066\" aria-label=\"Afegeix a la cistella: &ldquo;Pere Vila (ca. 1460-1538) i Pere Alberch (1517-1582)&rdquo;\" data-quantity=\"1\" data-product_id=\"6066\" data-product_sku=\"\" data-price=\"50\" rel=\"nofollow\" class=\"wp-block-button__link  add_to_cart_button ajax_add_to_cart\">Afegeix a la cistella<\/a><\/div>\n\t\t\t<\/li><li class=\"wc-block-grid__product\">\n\t\t\t\t<a href=\"https:\/\/botiga.bnc.cat\/?product=haide-estudis-maragallians-butlleti-de-larxiu-joan-maragall-num-13\" class=\"wc-block-grid__product-link\">\n\t\t\t\t\t\n\t\t\t\t\t<div class=\"wc-block-grid__product-image\"><img loading=\"lazy\" decoding=\"async\" width=\"324\" height=\"432\" src=\"https:\/\/botiga.bnc.cat\/wp-content\/uploads\/2024\/12\/haide_num13_portada_botiga-324x432.jpg\" class=\"attachment-woocommerce_thumbnail size-woocommerce_thumbnail\" alt=\"Haid\u00e9. Estudis maragallians. Butllet\u00ed de l\u2019Arxiu Joan Maragall. N\u00fam. 13\" \/><\/div>\n\t\t\t\t\t<div class=\"wc-block-grid__product-title\">Haid\u00e9. Estudis maragallians. Butllet\u00ed de l\u2019Arxiu Joan Maragall. N\u00fam. 13<\/div>\n\t\t\t\t<\/a>\n\t\t\t\t<div class=\"wc-block-grid__product-price price\"><\/div>\n\t\t\t\t\n\t\t\t\t<div class=\"wp-block-button wc-block-grid__product-add-to-cart\"><a href=\"https:\/\/botiga.bnc.cat\/?product=haide-estudis-maragallians-butlleti-de-larxiu-joan-maragall-num-13\" aria-label=\"M\u00e9s informaci\u00f3 sobre &ldquo;Haid\u00e9. Estudis maragallians. Butllet\u00ed de l\u2019Arxiu Joan Maragall. N\u00fam. 13&rdquo;\" data-quantity=\"1\" data-product_id=\"6059\" data-product_sku=\"\" data-price=\"0\" rel=\"nofollow\" class=\"wp-block-button__link  add_to_cart_button\">Llegeix m\u00e9s<\/a><\/div>\n\t\t\t<\/li><li class=\"wc-block-grid__product\">\n\t\t\t\t<a href=\"https:\/\/botiga.bnc.cat\/?product=bossa-tote-de-roba\" class=\"wc-block-grid__product-link\">\n\t\t\t\t\t\n\t\t\t\t\t<div class=\"wc-block-grid__product-image\"><img loading=\"lazy\" decoding=\"async\" width=\"324\" height=\"432\" src=\"https:\/\/botiga.bnc.cat\/wp-content\/uploads\/2024\/05\/bosa-tote-324x432.jpg\" class=\"attachment-woocommerce_thumbnail size-woocommerce_thumbnail\" alt=\"Bossa tote de roba\" \/><\/div>\n\t\t\t\t\t<div class=\"wc-block-grid__product-title\">Bossa tote de roba<\/div>\n\t\t\t\t<\/a>\n\t\t\t\t<div class=\"wc-block-grid__product-price price\"><span class=\"woocommerce-Price-amount amount\">3,00<span class=\"woocommerce-Price-currencySymbol\">&euro;<\/span><\/span> <small class=\"woocommerce-price-suffix\">IVA incl.<\/small><\/div>\n\t\t\t\t\n\t\t\t\t<div class=\"wp-block-button wc-block-grid__product-add-to-cart\"><a href=\"\/index.php?rest_route=%2Fwp%2Fv2%2Fpages%2F402&#038;add-to-cart=6042\" aria-label=\"Afegeix a la cistella: &ldquo;Bossa tote de roba&rdquo;\" data-quantity=\"1\" data-product_id=\"6042\" data-product_sku=\"\" data-price=\"3\" rel=\"nofollow\" class=\"wp-block-button__link  add_to_cart_button ajax_add_to_cart\">Afegeix a la cistella<\/a><\/div>\n\t\t\t<\/li><li class=\"wc-block-grid__product\">\n\t\t\t\t<a href=\"https:\/\/botiga.bnc.cat\/?product=joc-punts-de-llibre-100-anys-de-la-unitat-grafica-verd\" class=\"wc-block-grid__product-link\">\n\t\t\t\t\t\n\t\t\t\t\t<div class=\"wc-block-grid__product-image\"><img loading=\"lazy\" decoding=\"async\" width=\"324\" height=\"432\" src=\"https:\/\/botiga.bnc.cat\/wp-content\/uploads\/2024\/05\/P-llibre_100-anys-UG_verd-324x432.jpg\" class=\"attachment-woocommerce_thumbnail size-woocommerce_thumbnail\" alt=\"Joc punts de llibre 100 anys de la Unitat Gr\u00e0fica verd\" \/><\/div>\n\t\t\t\t\t<div class=\"wc-block-grid__product-title\">Joc punts de llibre 100 anys de la Unitat Gr\u00e0fica verd<\/div>\n\t\t\t\t<\/a>\n\t\t\t\t<div class=\"wc-block-grid__product-price price\"><span class=\"woocommerce-Price-amount amount\">8,00<span class=\"woocommerce-Price-currencySymbol\">&euro;<\/span><\/span> <small class=\"woocommerce-price-suffix\">IVA incl.<\/small><\/div>\n\t\t\t\t\n\t\t\t\t<div class=\"wp-block-button wc-block-grid__product-add-to-cart\"><a href=\"\/index.php?rest_route=%2Fwp%2Fv2%2Fpages%2F402&#038;add-to-cart=6040\" aria-label=\"Afegeix a la cistella: &ldquo;Joc punts de llibre 100 anys de la Unitat Gr\u00e0fica verd&rdquo;\" data-quantity=\"1\" data-product_id=\"6040\" data-product_sku=\"\" data-price=\"8\" rel=\"nofollow\" class=\"wp-block-button__link  add_to_cart_button ajax_add_to_cart\">Afegeix a la cistella<\/a><\/div>\n\t\t\t<\/li><\/ul><\/div>","protected":false},"excerpt":{"rendered":"","protected":false},"author":1,"featured_media":0,"parent":0,"menu_order":0,"comment_status":"closed","ping_status":"closed","template":"","meta":{"footnotes":""},"class_list":["post-402","page","type-page","status-publish","hentry"],"_links":{"self":[{"href":"https:\/\/botiga.bnc.cat\/index.php?rest_route=\/wp\/v2\/pages\/402","targetHints":{"allow":["GET"]}}],"collection":[{"href":"https:\/\/botiga.bnc.cat\/index.php?rest_route=\/wp\/v2\/pages"}],"about":[{"href":"https:\/\/botiga.bnc.cat\/index.php?rest_route=\/wp\/v2\/types\/page"}],"author":[{"embeddable":true,"href":"https:\/\/botiga.bnc.cat\/index.php?rest_route=\/wp\/v2\/users\/1"}],"replies":[{"embeddable":true,"href":"https:\/\/botiga.bnc.cat\/index.php?rest_route=%2Fwp%2Fv2%2Fcomments&post=402"}],"version-history":[{"count":21,"href":"https:\/\/botiga.bnc.cat\/index.php?rest_route=\/wp\/v2\/pages\/402\/revisions"}],"predecessor-version":[{"id":1337,"href":"https:\/\/botiga.bnc.cat\/index.php?rest_route=\/wp\/v2\/pages\/402\/revisions\/1337"}],"wp:attachment":[{"href":"https:\/\/botiga.bnc.cat\/index.php?rest_route=%2Fwp%2Fv2%2Fmedia&parent=402"}],"curies":[{"name":"wp","href":"https:\/\/api.w.org\/{rel}","templated":true}]}}